{"id":2729,"date":"2020-08-18T11:07:19","date_gmt":"2020-08-18T09:07:19","guid":{"rendered":"https:\/\/swissdigitalcenter.flexstud.io\/charte-de-protection-des-donnees\/"},"modified":"2020-09-16T14:35:30","modified_gmt":"2020-09-16T12:35:30","slug":"datenschutz","status":"publish","type":"page","link":"https:\/\/swissdigitalcenter.flexstud.io\/de\/datenschutz\/","title":{"rendered":"Datenschutz"},"content":{"rendered":"\t\t<div data-elementor-type=\"wp-page\" data-elementor-id=\"2729\" class=\"elementor elementor-2729 elementor-1679\" data-elementor-post-type=\"page\">\n\t\t\t\t\t\t<section class=\"elementor-section elementor-top-section elementor-element elementor-element-5e4ea856 elementor-section-boxed elementor-section-height-default elementor-section-height-default\" data-id=\"5e4ea856\" data-element_type=\"section\" data-e-type=\"section\">\n\t\t\t\t\t\t<div class=\"elementor-container elementor-column-gap-default\">\n\t\t\t\t\t<div class=\"elementor-column elementor-col-100 elementor-top-column elementor-element elementor-element-61d29136\" data-id=\"61d29136\" data-element_type=\"column\" data-e-type=\"column\">\n\t\t\t<div class=\"elementor-widget-wrap elementor-element-populated\">\n\t\t\t\t\t\t<div class=\"elementor-element elementor-element-f204efc elementor-widget elementor-widget-heading\" data-id=\"f204efc\" data-element_type=\"widget\" data-e-type=\"widget\" data-widget_type=\"heading.default\">\n\t\t\t\t<div class=\"elementor-widget-container\">\n\t\t\t\t\t<h3 class=\"elementor-heading-title elementor-size-default\">Nutzung der Website<\/h3>\t\t\t\t<\/div>\n\t\t\t\t<\/div>\n\t\t\t\t<div class=\"elementor-element elementor-element-2f3a7cf2 elementor-widget elementor-widget-text-editor\" data-id=\"2f3a7cf2\" data-element_type=\"widget\" data-e-type=\"widget\" data-widget_type=\"text-editor.default\">\n\t\t\t\t<div class=\"elementor-widget-container\">\n\t\t\t\t\t\t\t\t\t<p>Jegliche Nutzung dieser Website sowie der dort angebotenen Serviceleistungen (wie Newsletter, Onlinebestellung usw.) unterliegen der vorherigen Annahme der vorliegenden allgemeinen Bedingungen durch den Nutzer.<br \/>Alle Elemente der Website sind durch die Gesetzgebung bez\u00fcglich des geistigen Eigentums und insbesondere bez\u00fcglich des Urheberrechts gesch\u00fctzt.<\/p><p>Kein Teil der Website darf ohne ausdr\u00fcckliche Zustimmung von CimArk AG, egal ob Bildmaterial, Grafik, Text, Videomaterial oder Ton, kopiert, neu ver\u00f6ffentlicht, in einem Suchsystem oder einem System zur Datenextraktion gespeichert oder wiedergegeben werden, egal in welcher Form oder wie auch immer.<br \/>CimArk AG setzt alles daran, um auf seiner Website genaue und aktuelle Informationen zu vermitteln. Dennoch k\u00f6nnen die Richtigkeit, Zuverl\u00e4ssigkeit und Ausf\u00fchrlichkeit der dort angegebenen und zitierten Informationen nicht gew\u00e4hrleistet werden.<\/p><p>Ausserdem k\u00f6nnen Systemausf\u00e4lle wie Unterbrechungen, Viren oder Datenverlust nicht ausgeschlossen werden.<\/p><p>Und schliesslich beh\u00e4lt sich CimArk AG das Recht vor, jederzeit und ohne Vorank\u00fcndigung die Website zu vervollst\u00e4ndigen, zu \u00e4ndern oder zu l\u00f6schen ebenso wie die dort ver\u00f6ffentlichen Informationen.<\/p>\t\t\t\t\t\t\t\t<\/div>\n\t\t\t\t<\/div>\n\t\t\t\t<div class=\"elementor-element elementor-element-72bb50e elementor-widget elementor-widget-heading\" data-id=\"72bb50e\" data-element_type=\"widget\" data-e-type=\"widget\" data-widget_type=\"heading.default\">\n\t\t\t\t<div class=\"elementor-widget-container\">\n\t\t\t\t\t<h3 class=\"elementor-heading-title elementor-size-default\">Nutzerstatistiken<\/h3>\t\t\t\t<\/div>\n\t\t\t\t<\/div>\n\t\t\t\t<div class=\"elementor-element elementor-element-e5129e7 elementor-widget elementor-widget-text-editor\" data-id=\"e5129e7\" data-element_type=\"widget\" data-e-type=\"widget\" data-widget_type=\"text-editor.default\">\n\t\t\t\t<div class=\"elementor-widget-container\">\n\t\t\t\t\t\t\t\t\t<p>Zug\u00e4nge zu den Seiten der Website werden f\u00fcr statistische Zwecke gespeichert und f\u00fcr R\u00fcckmeldungen bez\u00fcglich des Nutzerverhaltens der Seiten verwendet. Diese Statistiken sind vollkommen anonym.<\/p><p>Die Seite nutzt Google Analytics zur Analysierung des Zielpublikums der Website. Es handelt sich um ein kostenlos von Google Inc. (\u201eGoogle\u201c) zur Verf\u00fcgung gestelltes Trackingtool f\u00fcr Websites.<\/p><p>Google Analytics verwendet Cookies als Textdateien, die auf dem Computer gespeichert werden, damit die Website die Nutzung der Seite durch ihre Nutzer analysieren kann. Die durch die Cookies generierten Daten betreffen die Nutzung der Website (inklusive der IP-Adresse) und werden an Server in den Vereinigten Staaten \u00fcbermittelt und dort gespeichert. Es handelt sich um die IP-Adresse, die geografische Herkunft, das Nutzerdatum, die Dauer der Nutzung, die besuchten Seiten und den Ablauf der Seiten. Diese Information wird f\u00fcr die Bewertung der Nutzung der Seite verwendet, zum Kompilieren von Berichten \u00fcber die Aktivit\u00e4t auf der Seite f\u00fcr deren Herausgeber und f\u00fcr sonstige Serviceleistungen bez\u00fcglich der Aktivit\u00e4t auf der Seite und der Internetnutzung.<\/p><p>Google kann bei gesetzlicher Verpflichtung diese Daten an Dritte \u00fcbermitteln oder wenn Dritte diese Daten f\u00fcr ihre Zwecke bearbeiten, inklusive nat\u00fcrlich der Herausgeber dieser Website. Die IP-Adresse zusammen mit allen anderen gespeicherten Daten wird nicht abge\u00e4ndert. Die Nutzung von Cookies kann durch die Auswahl der entsprechenden Einstellungen im Browser deaktiviert werden. Durch die Deaktivierung kann jedoch die Nutzung mancher Funktionen der Seite eingeschr\u00e4nkt werden.<\/p><p><a href=\"https:\/\/marketingplatform.google.com\/about\/analytics\/terms\/de\/\" target=\"_blank\" rel=\"noopener\">Link zu den Allgemeinen Bedingungen von Google Analytics<\/a><\/p>\t\t\t\t\t\t\t\t<\/div>\n\t\t\t\t<\/div>\n\t\t\t\t<div class=\"elementor-element elementor-element-0b1528d elementor-widget elementor-widget-heading\" data-id=\"0b1528d\" data-element_type=\"widget\" data-e-type=\"widget\" data-widget_type=\"heading.default\">\n\t\t\t\t<div class=\"elementor-widget-container\">\n\t\t\t\t\t<h3 class=\"elementor-heading-title elementor-size-default\">Datensicherheit<\/h3>\t\t\t\t<\/div>\n\t\t\t\t<\/div>\n\t\t\t\t<div class=\"elementor-element elementor-element-dd0e4fd elementor-widget elementor-widget-text-editor\" data-id=\"dd0e4fd\" data-element_type=\"widget\" data-e-type=\"widget\" data-widget_type=\"text-editor.default\">\n\t\t\t\t<div class=\"elementor-widget-container\">\n\t\t\t\t\t\t\t\t\t<p>CimArk AG hat alle erforderlichen organisatorischen und technischen Massnahmen ergriffen, um s\u00e4mtliche zuf\u00e4lligen oder vors\u00e4tzlichen Manipulationen der Website zu verhindern sowie jeglichen Verlust, Zerst\u00f6rung von Daten oder den unerlaubten Zugang f\u00fcr die Nutzung der Seite zu unterbinden.<\/p>\t\t\t\t\t\t\t\t<\/div>\n\t\t\t\t<\/div>\n\t\t\t\t<div class=\"elementor-element elementor-element-42dbada elementor-widget elementor-widget-heading\" data-id=\"42dbada\" data-element_type=\"widget\" data-e-type=\"widget\" data-widget_type=\"heading.default\">\n\t\t\t\t<div class=\"elementor-widget-container\">\n\t\t\t\t\t<h3 class=\"elementor-heading-title elementor-size-default\">Schutz personenbezogener Daten<\/h3>\t\t\t\t<\/div>\n\t\t\t\t<\/div>\n\t\t\t\t<div class=\"elementor-element elementor-element-16e5877 elementor-widget elementor-widget-text-editor\" data-id=\"16e5877\" data-element_type=\"widget\" data-e-type=\"widget\" data-widget_type=\"text-editor.default\">\n\t\t\t\t<div class=\"elementor-widget-container\">\n\t\t\t\t\t\t\t\t\t<p>Personenbezogene Daten werden nur erhoben, wenn der Nutzer diese freiwillig an CimArk AG \u00fcbermittelt und zwar durch Ausf\u00fcllen eines Formulars auf der Website, insbesondere bei einer Anmeldung.<br \/>CimArk AG erhebt nur die Daten, die f\u00fcr die Durchf\u00fchrung der Serviceleistung zwingend erforderlich sind.<\/p><p>Diese Daten werden ausschliesslich f\u00fcr die Bearbeitung und Durchf\u00fchrung der Serviceleistung verwendet sowie zur \u00dcbermittlung von Einladungen an k\u00fcnftige weitere InnoVibes (die Abmeldung ist jederzeit mit einem Klick m\u00f6glich). Falls erforderlich, k\u00f6nnen sie den Dienstleistungsanbietern, die an der Durchf\u00fchrung der Serviceleistung beteiligt sind, \u00fcbermittelt werden. Die so \u00fcbermittelten Daten d\u00fcrfen nur f\u00fcr die erfolgreiche Abwicklung der Serviceleistung genutzt werden. Die Nutzung ist f\u00fcr Dritte ausser f\u00fcr die Stiftung The Ark nicht gestattet.<br \/>F\u00fcr alle sonstigen Informationen wenden Sie sich bitte an folgende Kontaktadresse: <a href=\"mailto:info@cimark.ch\" target=\"_blank\" rel=\"noopener\">info@cimark.ch<\/a><\/p>\t\t\t\t\t\t\t\t<\/div>\n\t\t\t\t<\/div>\n\t\t\t\t\t<\/div>\n\t\t<\/div>\n\t\t\t\t\t<\/div>\n\t\t<\/section>\n\t\t\t\t<\/div>\n\t\t","protected":false},"excerpt":{"rendered":"<p>Nutzung der Website Jegliche Nutzung dieser Website sowie der dort angebotenen Serviceleistungen (wie Newsletter, Onlinebestellung usw.) unterliegen der vorherigen Annahme der vorliegenden allgemeinen Bedingungen durch den Nutzer.Alle Elemente der Website sind durch die Gesetzgebung bez\u00fcglich des geistigen Eigentums und insbesondere bez\u00fcglich des Urheberrechts gesch\u00fctzt. Kein Teil der Website darf ohne ausdr\u00fcckliche Zustimmung von CimArk AG, [&hellip;]<\/p>\n","protected":false},"author":1,"featured_media":0,"parent":0,"menu_order":0,"comment_status":"closed","ping_status":"closed","template":"","meta":{"_acf_changed":false,"footnotes":""},"class_list":["post-2729","page","type-page","status-publish","hentry"],"acf":[],"yoast_head":"<!-- This site is optimized with the Yoast SEO plugin v27.3 - https:\/\/yoast.com\/product\/yoast-seo-wordpress\/ -->\n<title>Datenschutz &#8211; Swiss Digital Center<\/title>\n<meta name=\"description\" content=\"Toute utilisation du site web et des services propos\u00e9s est soumise \u00e0 l\u2019acceptation pr\u00e9alable des conditions g\u00e9n\u00e9rales.\" \/>\n<meta name=\"robots\" content=\"noindex, follow, max-snippet:-1, max-image-preview:large, max-video-preview:-1\" \/>\n<meta property=\"og:locale\" content=\"de_DE\" \/>\n<meta property=\"og:type\" content=\"article\" \/>\n<meta property=\"og:title\" content=\"Datenschutz &#8211; Swiss Digital Center\" \/>\n<meta property=\"og:description\" content=\"Toute utilisation du site web et des services propos\u00e9s est soumise \u00e0 l\u2019acceptation pr\u00e9alable des conditions g\u00e9n\u00e9rales.\" \/>\n<meta property=\"og:url\" content=\"https:\/\/swissdigitalcenter.flexstud.io\/de\/datenschutz\/\" \/>\n<meta property=\"og:site_name\" content=\"Swiss Digital Center\" \/>\n<meta property=\"article:publisher\" content=\"https:\/\/www.facebook.com\/TechnoPoleDeSierre\" \/>\n<meta property=\"article:modified_time\" content=\"2020-09-16T12:35:30+00:00\" \/>\n<meta name=\"twitter:card\" content=\"summary_large_image\" \/>\n<meta name=\"twitter:site\" content=\"@tpolesierre\" \/>\n<meta name=\"twitter:label1\" content=\"Gesch\u00e4tzte Lesezeit\" \/>\n\t<meta name=\"twitter:data1\" content=\"3\u00a0Minuten\" \/>\n<script type=\"application\/ld+json\" class=\"yoast-schema-graph\">{\"@context\":\"https:\\\/\\\/schema.org\",\"@graph\":[{\"@type\":\"WebPage\",\"@id\":\"https:\\\/\\\/swissdigitalcenter.flexstud.io\\\/de\\\/datenschutz\\\/\",\"url\":\"https:\\\/\\\/swissdigitalcenter.flexstud.io\\\/de\\\/datenschutz\\\/\",\"name\":\"Datenschutz &#8211; Swiss Digital Center\",\"isPartOf\":{\"@id\":\"https:\\\/\\\/swissdigitalcenter.flexstud.io\\\/fr\\\/#website\"},\"datePublished\":\"2020-08-18T09:07:19+00:00\",\"dateModified\":\"2020-09-16T12:35:30+00:00\",\"description\":\"Toute utilisation du site web et des services propos\u00e9s est soumise \u00e0 l\u2019acceptation pr\u00e9alable des conditions g\u00e9n\u00e9rales.\",\"breadcrumb\":{\"@id\":\"https:\\\/\\\/swissdigitalcenter.flexstud.io\\\/de\\\/datenschutz\\\/#breadcrumb\"},\"inLanguage\":\"de\",\"potentialAction\":[{\"@type\":\"ReadAction\",\"target\":[\"https:\\\/\\\/swissdigitalcenter.flexstud.io\\\/de\\\/datenschutz\\\/\"]}]},{\"@type\":\"BreadcrumbList\",\"@id\":\"https:\\\/\\\/swissdigitalcenter.flexstud.io\\\/de\\\/datenschutz\\\/#breadcrumb\",\"itemListElement\":[{\"@type\":\"ListItem\",\"position\":1,\"name\":\"Home\",\"item\":\"https:\\\/\\\/swissdigitalcenter.flexstud.io\\\/de\\\/startseite\\\/\"},{\"@type\":\"ListItem\",\"position\":2,\"name\":\"Datenschutz\"}]},{\"@type\":\"WebSite\",\"@id\":\"https:\\\/\\\/swissdigitalcenter.flexstud.io\\\/fr\\\/#website\",\"url\":\"https:\\\/\\\/swissdigitalcenter.flexstud.io\\\/fr\\\/\",\"name\":\"Swiss Digital Center\",\"description\":\"La digitalisation au c\u0153ur des Alpes\",\"publisher\":{\"@id\":\"https:\\\/\\\/swissdigitalcenter.flexstud.io\\\/fr\\\/#organization\"},\"potentialAction\":[{\"@type\":\"SearchAction\",\"target\":{\"@type\":\"EntryPoint\",\"urlTemplate\":\"https:\\\/\\\/swissdigitalcenter.flexstud.io\\\/fr\\\/?s={search_term_string}\"},\"query-input\":{\"@type\":\"PropertyValueSpecification\",\"valueRequired\":true,\"valueName\":\"search_term_string\"}}],\"inLanguage\":\"de\"},{\"@type\":\"Organization\",\"@id\":\"https:\\\/\\\/swissdigitalcenter.flexstud.io\\\/fr\\\/#organization\",\"name\":\"Swiss Digital Center\",\"url\":\"https:\\\/\\\/swissdigitalcenter.flexstud.io\\\/fr\\\/\",\"logo\":{\"@type\":\"ImageObject\",\"inLanguage\":\"de\",\"@id\":\"https:\\\/\\\/swissdigitalcenter.flexstud.io\\\/fr\\\/#\\\/schema\\\/logo\\\/image\\\/\",\"url\":\"https:\\\/\\\/swissdigitalcenter.flexstud.io\\\/wp-content\\\/uploads\\\/2020\\\/07\\\/favicon-1.png\",\"contentUrl\":\"https:\\\/\\\/swissdigitalcenter.flexstud.io\\\/wp-content\\\/uploads\\\/2020\\\/07\\\/favicon-1.png\",\"width\":512,\"height\":512,\"caption\":\"Swiss Digital Center\"},\"image\":{\"@id\":\"https:\\\/\\\/swissdigitalcenter.flexstud.io\\\/fr\\\/#\\\/schema\\\/logo\\\/image\\\/\"},\"sameAs\":[\"https:\\\/\\\/www.facebook.com\\\/TechnoPoleDeSierre\",\"https:\\\/\\\/x.com\\\/tpolesierre\"]}]}<\/script>\n<!-- \/ Yoast SEO plugin. -->","yoast_head_json":{"title":"Datenschutz &#8211; Swiss Digital Center","description":"Toute utilisation du site web et des services propos\u00e9s est soumise \u00e0 l\u2019acceptation pr\u00e9alable des conditions g\u00e9n\u00e9rales.","robots":{"index":"noindex","follow":"follow","max-snippet":"max-snippet:-1","max-image-preview":"max-image-preview:large","max-video-preview":"max-video-preview:-1"},"og_locale":"de_DE","og_type":"article","og_title":"Datenschutz &#8211; Swiss Digital Center","og_description":"Toute utilisation du site web et des services propos\u00e9s est soumise \u00e0 l\u2019acceptation pr\u00e9alable des conditions g\u00e9n\u00e9rales.","og_url":"https:\/\/swissdigitalcenter.flexstud.io\/de\/datenschutz\/","og_site_name":"Swiss Digital Center","article_publisher":"https:\/\/www.facebook.com\/TechnoPoleDeSierre","article_modified_time":"2020-09-16T12:35:30+00:00","twitter_card":"summary_large_image","twitter_site":"@tpolesierre","twitter_misc":{"Gesch\u00e4tzte Lesezeit":"3\u00a0Minuten"},"schema":{"@context":"https:\/\/schema.org","@graph":[{"@type":"WebPage","@id":"https:\/\/swissdigitalcenter.flexstud.io\/de\/datenschutz\/","url":"https:\/\/swissdigitalcenter.flexstud.io\/de\/datenschutz\/","name":"Datenschutz &#8211; Swiss Digital Center","isPartOf":{"@id":"https:\/\/swissdigitalcenter.flexstud.io\/fr\/#website"},"datePublished":"2020-08-18T09:07:19+00:00","dateModified":"2020-09-16T12:35:30+00:00","description":"Toute utilisation du site web et des services propos\u00e9s est soumise \u00e0 l\u2019acceptation pr\u00e9alable des conditions g\u00e9n\u00e9rales.","breadcrumb":{"@id":"https:\/\/swissdigitalcenter.flexstud.io\/de\/datenschutz\/#breadcrumb"},"inLanguage":"de","potentialAction":[{"@type":"ReadAction","target":["https:\/\/swissdigitalcenter.flexstud.io\/de\/datenschutz\/"]}]},{"@type":"BreadcrumbList","@id":"https:\/\/swissdigitalcenter.flexstud.io\/de\/datenschutz\/#breadcrumb","itemListElement":[{"@type":"ListItem","position":1,"name":"Home","item":"https:\/\/swissdigitalcenter.flexstud.io\/de\/startseite\/"},{"@type":"ListItem","position":2,"name":"Datenschutz"}]},{"@type":"WebSite","@id":"https:\/\/swissdigitalcenter.flexstud.io\/fr\/#website","url":"https:\/\/swissdigitalcenter.flexstud.io\/fr\/","name":"Swiss Digital Center","description":"La digitalisation au c\u0153ur des Alpes","publisher":{"@id":"https:\/\/swissdigitalcenter.flexstud.io\/fr\/#organization"},"potentialAction":[{"@type":"SearchAction","target":{"@type":"EntryPoint","urlTemplate":"https:\/\/swissdigitalcenter.flexstud.io\/fr\/?s={search_term_string}"},"query-input":{"@type":"PropertyValueSpecification","valueRequired":true,"valueName":"search_term_string"}}],"inLanguage":"de"},{"@type":"Organization","@id":"https:\/\/swissdigitalcenter.flexstud.io\/fr\/#organization","name":"Swiss Digital Center","url":"https:\/\/swissdigitalcenter.flexstud.io\/fr\/","logo":{"@type":"ImageObject","inLanguage":"de","@id":"https:\/\/swissdigitalcenter.flexstud.io\/fr\/#\/schema\/logo\/image\/","url":"https:\/\/swissdigitalcenter.flexstud.io\/wp-content\/uploads\/2020\/07\/favicon-1.png","contentUrl":"https:\/\/swissdigitalcenter.flexstud.io\/wp-content\/uploads\/2020\/07\/favicon-1.png","width":512,"height":512,"caption":"Swiss Digital Center"},"image":{"@id":"https:\/\/swissdigitalcenter.flexstud.io\/fr\/#\/schema\/logo\/image\/"},"sameAs":["https:\/\/www.facebook.com\/TechnoPoleDeSierre","https:\/\/x.com\/tpolesierre"]}]}},"_links":{"self":[{"href":"https:\/\/swissdigitalcenter.flexstud.io\/de\/wp-json\/wp\/v2\/pages\/2729","targetHints":{"allow":["GET"]}}],"collection":[{"href":"https:\/\/swissdigitalcenter.flexstud.io\/de\/wp-json\/wp\/v2\/pages"}],"about":[{"href":"https:\/\/swissdigitalcenter.flexstud.io\/de\/wp-json\/wp\/v2\/types\/page"}],"author":[{"embeddable":true,"href":"https:\/\/swissdigitalcenter.flexstud.io\/de\/wp-json\/wp\/v2\/users\/1"}],"replies":[{"embeddable":true,"href":"https:\/\/swissdigitalcenter.flexstud.io\/de\/wp-json\/wp\/v2\/comments?post=2729"}],"version-history":[{"count":4,"href":"https:\/\/swissdigitalcenter.flexstud.io\/de\/wp-json\/wp\/v2\/pages\/2729\/revisions"}],"predecessor-version":[{"id":2777,"href":"https:\/\/swissdigitalcenter.flexstud.io\/de\/wp-json\/wp\/v2\/pages\/2729\/revisions\/2777"}],"wp:attachment":[{"href":"https:\/\/swissdigitalcenter.flexstud.io\/de\/wp-json\/wp\/v2\/media?parent=2729"}],"curies":[{"name":"wp","href":"https:\/\/api.w.org\/{rel}","templated":true}]}}