{"id":7358,"date":"2022-05-04T16:43:47","date_gmt":"2022-05-04T14:43:47","guid":{"rendered":"https:\/\/swissdigitalcenter.flexstud.io\/entreprises-et-projets\/"},"modified":"2022-09-15T15:37:48","modified_gmt":"2022-09-15T13:37:48","slug":"laufende-projekte","status":"publish","type":"page","link":"https:\/\/swissdigitalcenter.flexstud.io\/de\/laufende-projekte\/","title":{"rendered":"Laufende Projekte"},"content":{"rendered":"\t\t<div data-elementor-type=\"wp-page\" data-elementor-id=\"7358\" class=\"elementor elementor-7358 elementor-6548\" data-elementor-post-type=\"page\">\n\t\t\t\t\t\t<section class=\"elementor-section elementor-top-section elementor-element elementor-element-b342688 elementor-section-boxed elementor-section-height-default elementor-section-height-default\" data-id=\"b342688\" data-element_type=\"section\" data-e-type=\"section\">\n\t\t\t\t\t\t<div class=\"elementor-container elementor-column-gap-default\">\n\t\t\t\t\t<div class=\"elementor-column elementor-col-50 elementor-top-column elementor-element elementor-element-aaf334f\" data-id=\"aaf334f\" data-element_type=\"column\" data-e-type=\"column\">\n\t\t\t<div class=\"elementor-widget-wrap elementor-element-populated\">\n\t\t\t\t\t\t<div class=\"elementor-element elementor-element-9e6e250 elementor-widget elementor-widget-heading\" data-id=\"9e6e250\" data-element_type=\"widget\" data-e-type=\"widget\" data-widget_type=\"heading.default\">\n\t\t\t\t<div class=\"elementor-widget-container\">\n\t\t\t\t\t<h2 class=\"elementor-heading-title elementor-size-default\">Liste der Unternehmen des Standorts<\/h2>\t\t\t\t<\/div>\n\t\t\t\t<\/div>\n\t\t\t\t<div class=\"elementor-element elementor-element-71edb88 elementor-widget elementor-widget-text-editor\" data-id=\"71edb88\" data-element_type=\"widget\" data-e-type=\"widget\" data-widget_type=\"text-editor.default\">\n\t\t\t\t<div class=\"elementor-widget-container\">\n\t\t\t\t\t\t\t\t\t<p>Der Standort Siders des Swiss Digital Centers beherbergt rund 60 Unternehmen, die im Bereich der Digitalisierung t\u00e4tig sind. <\/p>\t\t\t\t\t\t\t\t<\/div>\n\t\t\t\t<\/div>\n\t\t\t\t\t<\/div>\n\t\t<\/div>\n\t\t\t\t<div class=\"elementor-column elementor-col-50 elementor-top-column elementor-element elementor-element-1c4ecde\" data-id=\"1c4ecde\" data-element_type=\"column\" data-e-type=\"column\" data-settings=\"{&quot;background_background&quot;:&quot;classic&quot;}\">\n\t\t\t<div class=\"elementor-widget-wrap elementor-element-populated\">\n\t\t\t\t\t\t<div class=\"elementor-element elementor-element-4602e05 elementor-widget elementor-widget-heading\" data-id=\"4602e05\" data-element_type=\"widget\" data-e-type=\"widget\" data-widget_type=\"heading.default\">\n\t\t\t\t<div class=\"elementor-widget-container\">\n\t\t\t\t\t<h3 class=\"elementor-heading-title elementor-size-default\">Aktivit\u00e4tsbereich<\/h3>\t\t\t\t<\/div>\n\t\t\t\t<\/div>\n\t\t\t\t<div class=\"elementor-element elementor-element-de4a790 elementor-position-inline-start elementor-view-default elementor-mobile-position-block-start elementor-widget elementor-widget-icon-box\" data-id=\"de4a790\" data-element_type=\"widget\" data-e-type=\"widget\" data-widget_type=\"icon-box.default\">\n\t\t\t\t<div class=\"elementor-widget-container\">\n\t\t\t\t\t\t\t<div class=\"elementor-icon-box-wrapper\">\n\n\t\t\t\t\t\t<div class=\"elementor-icon-box-icon\">\n\t\t\t\t<span  class=\"elementor-icon\">\n\t\t\t\t<i aria-hidden=\"true\" class=\"fas fa-square-full\"><\/i>\t\t\t\t<\/span>\n\t\t\t<\/div>\n\t\t\t\n\t\t\t\t\t\t<div class=\"elementor-icon-box-content\">\n\n\t\t\t\t\t\t\t\t\t<h3 class=\"elementor-icon-box-title\">\n\t\t\t\t\t\t<span  >\n\t\t\t\t\t\t\tFournisseur technologie\t\t\t\t\t\t<\/span>\n\t\t\t\t\t<\/h3>\n\t\t\t\t\n\t\t\t\t\n\t\t\t<\/div>\n\t\t\t\n\t\t<\/div>\n\t\t\t\t\t\t<\/div>\n\t\t\t\t<\/div>\n\t\t\t\t<div class=\"elementor-element elementor-element-098dd32 elementor-position-inline-start elementor-view-default elementor-mobile-position-block-start elementor-widget elementor-widget-icon-box\" data-id=\"098dd32\" data-element_type=\"widget\" data-e-type=\"widget\" data-widget_type=\"icon-box.default\">\n\t\t\t\t<div class=\"elementor-widget-container\">\n\t\t\t\t\t\t\t<div class=\"elementor-icon-box-wrapper\">\n\n\t\t\t\t\t\t<div class=\"elementor-icon-box-icon\">\n\t\t\t\t<span  class=\"elementor-icon\">\n\t\t\t\t<i aria-hidden=\"true\" class=\"fas fa-square-full\"><\/i>\t\t\t\t<\/span>\n\t\t\t<\/div>\n\t\t\t\n\t\t\t\t\t\t<div class=\"elementor-icon-box-content\">\n\n\t\t\t\t\t\t\t\t\t<h3 class=\"elementor-icon-box-title\">\n\t\t\t\t\t\t<span  >\n\t\t\t\t\t\t\tRessources naturelles\t\t\t\t\t\t<\/span>\n\t\t\t\t\t<\/h3>\n\t\t\t\t\n\t\t\t\t\n\t\t\t<\/div>\n\t\t\t\n\t\t<\/div>\n\t\t\t\t\t\t<\/div>\n\t\t\t\t<\/div>\n\t\t\t\t<div class=\"elementor-element elementor-element-b06476c elementor-position-inline-start elementor-view-default elementor-mobile-position-block-start elementor-widget elementor-widget-icon-box\" data-id=\"b06476c\" data-element_type=\"widget\" data-e-type=\"widget\" data-widget_type=\"icon-box.default\">\n\t\t\t\t<div class=\"elementor-widget-container\">\n\t\t\t\t\t\t\t<div class=\"elementor-icon-box-wrapper\">\n\n\t\t\t\t\t\t<div class=\"elementor-icon-box-icon\">\n\t\t\t\t<span  class=\"elementor-icon\">\n\t\t\t\t<i aria-hidden=\"true\" class=\"fas fa-square-full\"><\/i>\t\t\t\t<\/span>\n\t\t\t<\/div>\n\t\t\t\n\t\t\t\t\t\t<div class=\"elementor-icon-box-content\">\n\n\t\t\t\t\t\t\t\t\t<h3 class=\"elementor-icon-box-title\">\n\t\t\t\t\t\t<span  >\n\t\t\t\t\t\t\tSant\u00e9\t\t\t\t\t\t<\/span>\n\t\t\t\t\t<\/h3>\n\t\t\t\t\n\t\t\t\t\n\t\t\t<\/div>\n\t\t\t\n\t\t<\/div>\n\t\t\t\t\t\t<\/div>\n\t\t\t\t<\/div>\n\t\t\t\t<div class=\"elementor-element elementor-element-7f2a8b8 elementor-position-inline-start elementor-view-default elementor-mobile-position-block-start elementor-widget elementor-widget-icon-box\" data-id=\"7f2a8b8\" data-element_type=\"widget\" data-e-type=\"widget\" data-widget_type=\"icon-box.default\">\n\t\t\t\t<div class=\"elementor-widget-container\">\n\t\t\t\t\t\t\t<div class=\"elementor-icon-box-wrapper\">\n\n\t\t\t\t\t\t<div class=\"elementor-icon-box-icon\">\n\t\t\t\t<span  class=\"elementor-icon\">\n\t\t\t\t<i aria-hidden=\"true\" class=\"fas fa-square-full\"><\/i>\t\t\t\t<\/span>\n\t\t\t<\/div>\n\t\t\t\n\t\t\t\t\t\t<div class=\"elementor-icon-box-content\">\n\n\t\t\t\t\t\t\t\t\t<h3 class=\"elementor-icon-box-title\">\n\t\t\t\t\t\t<span  >\n\t\t\t\t\t\t\tScience de la vie\t\t\t\t\t\t<\/span>\n\t\t\t\t\t<\/h3>\n\t\t\t\t\n\t\t\t\t\n\t\t\t<\/div>\n\t\t\t\n\t\t<\/div>\n\t\t\t\t\t\t<\/div>\n\t\t\t\t<\/div>\n\t\t\t\t<div class=\"elementor-element elementor-element-9c0970a elementor-position-inline-start elementor-view-default elementor-mobile-position-block-start elementor-widget elementor-widget-icon-box\" data-id=\"9c0970a\" data-element_type=\"widget\" data-e-type=\"widget\" data-widget_type=\"icon-box.default\">\n\t\t\t\t<div class=\"elementor-widget-container\">\n\t\t\t\t\t\t\t<div class=\"elementor-icon-box-wrapper\">\n\n\t\t\t\t\t\t<div class=\"elementor-icon-box-icon\">\n\t\t\t\t<span  class=\"elementor-icon\">\n\t\t\t\t<i aria-hidden=\"true\" class=\"fas fa-square-full\"><\/i>\t\t\t\t<\/span>\n\t\t\t<\/div>\n\t\t\t\n\t\t\t\t\t\t<div class=\"elementor-icon-box-content\">\n\n\t\t\t\t\t\t\t\t\t<h3 class=\"elementor-icon-box-title\">\n\t\t\t\t\t\t<span  >\n\t\t\t\t\t\t\tIndustrie\t\t\t\t\t\t<\/span>\n\t\t\t\t\t<\/h3>\n\t\t\t\t\n\t\t\t\t\n\t\t\t<\/div>\n\t\t\t\n\t\t<\/div>\n\t\t\t\t\t\t<\/div>\n\t\t\t\t<\/div>\n\t\t\t\t<div class=\"elementor-element elementor-element-6cdbdb1 elementor-position-inline-start elementor-view-default elementor-mobile-position-block-start elementor-widget elementor-widget-icon-box\" data-id=\"6cdbdb1\" data-element_type=\"widget\" data-e-type=\"widget\" data-widget_type=\"icon-box.default\">\n\t\t\t\t<div class=\"elementor-widget-container\">\n\t\t\t\t\t\t\t<div class=\"elementor-icon-box-wrapper\">\n\n\t\t\t\t\t\t<div class=\"elementor-icon-box-icon\">\n\t\t\t\t<span  class=\"elementor-icon\">\n\t\t\t\t<i aria-hidden=\"true\" class=\"fas fa-square-full\"><\/i>\t\t\t\t<\/span>\n\t\t\t<\/div>\n\t\t\t\n\t\t\t\t\t\t<div class=\"elementor-icon-box-content\">\n\n\t\t\t\t\t\t\t\t\t<h3 class=\"elementor-icon-box-title\">\n\t\t\t\t\t\t<span  >\n\t\t\t\t\t\t\tBiopharma\t\t\t\t\t\t<\/span>\n\t\t\t\t\t<\/h3>\n\t\t\t\t\n\t\t\t\t\n\t\t\t<\/div>\n\t\t\t\n\t\t<\/div>\n\t\t\t\t\t\t<\/div>\n\t\t\t\t<\/div>\n\t\t\t\t<div class=\"elementor-element elementor-element-2fcae1b elementor-position-inline-start elementor-view-default elementor-mobile-position-block-start elementor-widget elementor-widget-icon-box\" data-id=\"2fcae1b\" data-element_type=\"widget\" data-e-type=\"widget\" data-widget_type=\"icon-box.default\">\n\t\t\t\t<div class=\"elementor-widget-container\">\n\t\t\t\t\t\t\t<div class=\"elementor-icon-box-wrapper\">\n\n\t\t\t\t\t\t<div class=\"elementor-icon-box-icon\">\n\t\t\t\t<span  class=\"elementor-icon\">\n\t\t\t\t<i aria-hidden=\"true\" class=\"fas fa-square-full\"><\/i>\t\t\t\t<\/span>\n\t\t\t<\/div>\n\t\t\t\n\t\t\t\t\t\t<div class=\"elementor-icon-box-content\">\n\n\t\t\t\t\t\t\t\t\t<h3 class=\"elementor-icon-box-title\">\n\t\t\t\t\t\t<span  >\n\t\t\t\t\t\t\tSport &amp; performance\t\t\t\t\t\t<\/span>\n\t\t\t\t\t<\/h3>\n\t\t\t\t\n\t\t\t\t\n\t\t\t<\/div>\n\t\t\t\n\t\t<\/div>\n\t\t\t\t\t\t<\/div>\n\t\t\t\t<\/div>\n\t\t\t\t\t<\/div>\n\t\t<\/div>\n\t\t\t\t\t<\/div>\n\t\t<\/section>\n\t\t\t\t<section class=\"elementor-section elementor-top-section elementor-element elementor-element-13f83d7 elementor-section-full_width elementor-section-stretched elementor-section-height-default elementor-section-height-default\" data-id=\"13f83d7\" data-element_type=\"section\" data-e-type=\"section\" data-settings=\"{&quot;stretch_section&quot;:&quot;section-stretched&quot;}\">\n\t\t\t\t\t\t<div class=\"elementor-container elementor-column-gap-default\">\n\t\t\t\t\t<div class=\"elementor-column elementor-col-100 elementor-top-column elementor-element elementor-element-13c44f1\" data-id=\"13c44f1\" data-element_type=\"column\" data-e-type=\"column\">\n\t\t\t<div class=\"elementor-widget-wrap elementor-element-populated\">\n\t\t\t\t\t\t<div class=\"elementor-element elementor-element-ba21776 elementor-widget elementor-widget-shortcode\" data-id=\"ba21776\" data-element_type=\"widget\" data-e-type=\"widget\" data-widget_type=\"shortcode.default\">\n\t\t\t\t<div class=\"elementor-widget-container\">\n\t\t\t\t\t\t\t<div class=\"elementor-shortcode\">\n    <script>\n      let currentLangCode = 'de'\n      localStorage.setItem('currentLangCode', currentLangCode)\n    <\/script>\n    <div id=fri-company-indexer-app>Loading...<\/div>\n  <\/div>\n\t\t\t\t\t\t<\/div>\n\t\t\t\t<\/div>\n\t\t\t\t\t<\/div>\n\t\t<\/div>\n\t\t\t\t\t<\/div>\n\t\t<\/section>\n\t\t\t\t<section class=\"elementor-section elementor-top-section elementor-element elementor-element-5473e21 elementor-section-boxed elementor-section-height-default elementor-section-height-default\" data-id=\"5473e21\" data-element_type=\"section\" data-e-type=\"section\">\n\t\t\t\t\t\t<div class=\"elementor-container elementor-column-gap-default\">\n\t\t\t\t\t<div class=\"elementor-column elementor-col-100 elementor-top-column elementor-element elementor-element-c53ebc1\" data-id=\"c53ebc1\" data-element_type=\"column\" data-e-type=\"column\">\n\t\t\t<div class=\"elementor-widget-wrap elementor-element-populated\">\n\t\t\t\t\t\t<div class=\"elementor-element elementor-element-12188b0 elementor-widget elementor-widget-heading\" data-id=\"12188b0\" data-element_type=\"widget\" data-e-type=\"widget\" data-widget_type=\"heading.default\">\n\t\t\t\t<div class=\"elementor-widget-container\">\n\t\t\t\t\t<h2 class=\"elementor-heading-title elementor-size-default\">Laufende Projekte<\/h2>\t\t\t\t<\/div>\n\t\t\t\t<\/div>\n\t\t\t\t<div class=\"elementor-element elementor-element-8bf4d65 elementor-widget elementor-widget-text-editor\" data-id=\"8bf4d65\" data-element_type=\"widget\" data-e-type=\"widget\" data-widget_type=\"text-editor.default\">\n\t\t\t\t<div class=\"elementor-widget-container\">\n\t\t\t\t\t\t\t\t\t<p>Am Standort Siders des Swiss Digital Center laufen mehrere Entwicklungsprojekte.<\/p>\t\t\t\t\t\t\t\t<\/div>\n\t\t\t\t<\/div>\n\t\t\t\t\t<\/div>\n\t\t<\/div>\n\t\t\t\t\t<\/div>\n\t\t<\/section>\n\t\t\t\t<\/div>\n\t\t","protected":false},"excerpt":{"rendered":"<p>Liste der Unternehmen des Standorts Der Standort Siders des Swiss Digital Centers beherbergt rund 60 Unternehmen, die im Bereich der Digitalisierung t\u00e4tig sind. Aktivit\u00e4tsbereich Fournisseur technologie Ressources naturelles Sant\u00e9 Science de la vie Industrie Biopharma Sport &#038; performance Laufende Projekte Am Standort Siders des Swiss Digital Center laufen mehrere Entwicklungsprojekte.<\/p>\n","protected":false},"author":1,"featured_media":7788,"parent":0,"menu_order":0,"comment_status":"closed","ping_status":"closed","template":"","meta":{"_acf_changed":false,"footnotes":""},"class_list":["post-7358","page","type-page","status-publish","has-post-thumbnail","hentry"],"acf":[],"yoast_head":"<!-- This site is optimized with the Yoast SEO plugin v27.3 - https:\/\/yoast.com\/product\/yoast-seo-wordpress\/ -->\n<title>Laufende Projekte &#8211; Swiss Digital Center<\/title>\n<meta name=\"robots\" content=\"noindex, follow, max-snippet:-1, max-image-preview:large, max-video-preview:-1\" \/>\n<meta property=\"og:locale\" content=\"de_DE\" \/>\n<meta property=\"og:type\" content=\"article\" \/>\n<meta property=\"og:title\" content=\"Laufende Projekte &#8211; Swiss Digital Center\" \/>\n<meta property=\"og:description\" content=\"Liste der Unternehmen des Standorts Der Standort Siders des Swiss Digital Centers beherbergt rund 60 Unternehmen, die im Bereich der Digitalisierung t\u00e4tig sind. Aktivit\u00e4tsbereich Fournisseur technologie Ressources naturelles Sant\u00e9 Science de la vie Industrie Biopharma Sport &#038; performance Laufende Projekte Am Standort Siders des Swiss Digital Center laufen mehrere Entwicklungsprojekte.\" \/>\n<meta property=\"og:url\" content=\"https:\/\/swissdigitalcenter.flexstud.io\/de\/laufende-projekte\/\" \/>\n<meta property=\"og:site_name\" content=\"Swiss Digital Center\" \/>\n<meta property=\"article:publisher\" content=\"https:\/\/www.facebook.com\/TechnoPoleDeSierre\" \/>\n<meta property=\"article:modified_time\" content=\"2022-09-15T13:37:48+00:00\" \/>\n<meta property=\"og:image\" content=\"https:\/\/swissdigitalcenter.flexstud.io\/wp-content\/uploads\/2022\/06\/20220600-SDC-389-scaled-e1655134869235.jpg\" \/>\n\t<meta property=\"og:image:width\" content=\"2560\" \/>\n\t<meta property=\"og:image:height\" content=\"1793\" \/>\n\t<meta property=\"og:image:type\" content=\"image\/jpeg\" \/>\n<meta name=\"twitter:card\" content=\"summary_large_image\" \/>\n<meta name=\"twitter:site\" content=\"@tpolesierre\" \/>\n<meta name=\"twitter:label1\" content=\"Gesch\u00e4tzte Lesezeit\" \/>\n\t<meta name=\"twitter:data1\" content=\"1\u00a0Minute\" \/>\n<script type=\"application\/ld+json\" class=\"yoast-schema-graph\">{\"@context\":\"https:\\\/\\\/schema.org\",\"@graph\":[{\"@type\":\"WebPage\",\"@id\":\"https:\\\/\\\/swissdigitalcenter.flexstud.io\\\/de\\\/laufende-projekte\\\/\",\"url\":\"https:\\\/\\\/swissdigitalcenter.flexstud.io\\\/de\\\/laufende-projekte\\\/\",\"name\":\"Laufende Projekte &#8211; Swiss Digital Center\",\"isPartOf\":{\"@id\":\"https:\\\/\\\/swissdigitalcenter.flexstud.io\\\/fr\\\/#website\"},\"primaryImageOfPage\":{\"@id\":\"https:\\\/\\\/swissdigitalcenter.flexstud.io\\\/de\\\/laufende-projekte\\\/#primaryimage\"},\"image\":{\"@id\":\"https:\\\/\\\/swissdigitalcenter.flexstud.io\\\/de\\\/laufende-projekte\\\/#primaryimage\"},\"thumbnailUrl\":\"https:\\\/\\\/swissdigitalcenter.flexstud.io\\\/wp-content\\\/uploads\\\/2022\\\/06\\\/20220600-SDC-389-scaled-e1655134869235.jpg\",\"datePublished\":\"2022-05-04T14:43:47+00:00\",\"dateModified\":\"2022-09-15T13:37:48+00:00\",\"breadcrumb\":{\"@id\":\"https:\\\/\\\/swissdigitalcenter.flexstud.io\\\/de\\\/laufende-projekte\\\/#breadcrumb\"},\"inLanguage\":\"de\",\"potentialAction\":[{\"@type\":\"ReadAction\",\"target\":[\"https:\\\/\\\/swissdigitalcenter.flexstud.io\\\/de\\\/laufende-projekte\\\/\"]}]},{\"@type\":\"ImageObject\",\"inLanguage\":\"de\",\"@id\":\"https:\\\/\\\/swissdigitalcenter.flexstud.io\\\/de\\\/laufende-projekte\\\/#primaryimage\",\"url\":\"https:\\\/\\\/swissdigitalcenter.flexstud.io\\\/wp-content\\\/uploads\\\/2022\\\/06\\\/20220600-SDC-389-scaled-e1655134869235.jpg\",\"contentUrl\":\"https:\\\/\\\/swissdigitalcenter.flexstud.io\\\/wp-content\\\/uploads\\\/2022\\\/06\\\/20220600-SDC-389-scaled-e1655134869235.jpg\",\"width\":2560,\"height\":1793},{\"@type\":\"BreadcrumbList\",\"@id\":\"https:\\\/\\\/swissdigitalcenter.flexstud.io\\\/de\\\/laufende-projekte\\\/#breadcrumb\",\"itemListElement\":[{\"@type\":\"ListItem\",\"position\":1,\"name\":\"Home\",\"item\":\"https:\\\/\\\/swissdigitalcenter.flexstud.io\\\/de\\\/startseite\\\/\"},{\"@type\":\"ListItem\",\"position\":2,\"name\":\"Laufende Projekte\"}]},{\"@type\":\"WebSite\",\"@id\":\"https:\\\/\\\/swissdigitalcenter.flexstud.io\\\/fr\\\/#website\",\"url\":\"https:\\\/\\\/swissdigitalcenter.flexstud.io\\\/fr\\\/\",\"name\":\"Swiss Digital Center\",\"description\":\"La digitalisation au c\u0153ur des Alpes\",\"publisher\":{\"@id\":\"https:\\\/\\\/swissdigitalcenter.flexstud.io\\\/fr\\\/#organization\"},\"potentialAction\":[{\"@type\":\"SearchAction\",\"target\":{\"@type\":\"EntryPoint\",\"urlTemplate\":\"https:\\\/\\\/swissdigitalcenter.flexstud.io\\\/fr\\\/?s={search_term_string}\"},\"query-input\":{\"@type\":\"PropertyValueSpecification\",\"valueRequired\":true,\"valueName\":\"search_term_string\"}}],\"inLanguage\":\"de\"},{\"@type\":\"Organization\",\"@id\":\"https:\\\/\\\/swissdigitalcenter.flexstud.io\\\/fr\\\/#organization\",\"name\":\"Swiss Digital Center\",\"url\":\"https:\\\/\\\/swissdigitalcenter.flexstud.io\\\/fr\\\/\",\"logo\":{\"@type\":\"ImageObject\",\"inLanguage\":\"de\",\"@id\":\"https:\\\/\\\/swissdigitalcenter.flexstud.io\\\/fr\\\/#\\\/schema\\\/logo\\\/image\\\/\",\"url\":\"https:\\\/\\\/swissdigitalcenter.flexstud.io\\\/wp-content\\\/uploads\\\/2020\\\/07\\\/favicon-1.png\",\"contentUrl\":\"https:\\\/\\\/swissdigitalcenter.flexstud.io\\\/wp-content\\\/uploads\\\/2020\\\/07\\\/favicon-1.png\",\"width\":512,\"height\":512,\"caption\":\"Swiss Digital Center\"},\"image\":{\"@id\":\"https:\\\/\\\/swissdigitalcenter.flexstud.io\\\/fr\\\/#\\\/schema\\\/logo\\\/image\\\/\"},\"sameAs\":[\"https:\\\/\\\/www.facebook.com\\\/TechnoPoleDeSierre\",\"https:\\\/\\\/x.com\\\/tpolesierre\"]}]}<\/script>\n<!-- \/ Yoast SEO plugin. -->","yoast_head_json":{"title":"Laufende Projekte &#8211; Swiss Digital Center","robots":{"index":"noindex","follow":"follow","max-snippet":"max-snippet:-1","max-image-preview":"max-image-preview:large","max-video-preview":"max-video-preview:-1"},"og_locale":"de_DE","og_type":"article","og_title":"Laufende Projekte &#8211; Swiss Digital Center","og_description":"Liste der Unternehmen des Standorts Der Standort Siders des Swiss Digital Centers beherbergt rund 60 Unternehmen, die im Bereich der Digitalisierung t\u00e4tig sind. Aktivit\u00e4tsbereich Fournisseur technologie Ressources naturelles Sant\u00e9 Science de la vie Industrie Biopharma Sport &#038; performance Laufende Projekte Am Standort Siders des Swiss Digital Center laufen mehrere Entwicklungsprojekte.","og_url":"https:\/\/swissdigitalcenter.flexstud.io\/de\/laufende-projekte\/","og_site_name":"Swiss Digital Center","article_publisher":"https:\/\/www.facebook.com\/TechnoPoleDeSierre","article_modified_time":"2022-09-15T13:37:48+00:00","og_image":[{"width":2560,"height":1793,"url":"https:\/\/swissdigitalcenter.flexstud.io\/wp-content\/uploads\/2022\/06\/20220600-SDC-389-scaled-e1655134869235.jpg","type":"image\/jpeg"}],"twitter_card":"summary_large_image","twitter_site":"@tpolesierre","twitter_misc":{"Gesch\u00e4tzte Lesezeit":"1\u00a0Minute"},"schema":{"@context":"https:\/\/schema.org","@graph":[{"@type":"WebPage","@id":"https:\/\/swissdigitalcenter.flexstud.io\/de\/laufende-projekte\/","url":"https:\/\/swissdigitalcenter.flexstud.io\/de\/laufende-projekte\/","name":"Laufende Projekte &#8211; Swiss Digital Center","isPartOf":{"@id":"https:\/\/swissdigitalcenter.flexstud.io\/fr\/#website"},"primaryImageOfPage":{"@id":"https:\/\/swissdigitalcenter.flexstud.io\/de\/laufende-projekte\/#primaryimage"},"image":{"@id":"https:\/\/swissdigitalcenter.flexstud.io\/de\/laufende-projekte\/#primaryimage"},"thumbnailUrl":"https:\/\/swissdigitalcenter.flexstud.io\/wp-content\/uploads\/2022\/06\/20220600-SDC-389-scaled-e1655134869235.jpg","datePublished":"2022-05-04T14:43:47+00:00","dateModified":"2022-09-15T13:37:48+00:00","breadcrumb":{"@id":"https:\/\/swissdigitalcenter.flexstud.io\/de\/laufende-projekte\/#breadcrumb"},"inLanguage":"de","potentialAction":[{"@type":"ReadAction","target":["https:\/\/swissdigitalcenter.flexstud.io\/de\/laufende-projekte\/"]}]},{"@type":"ImageObject","inLanguage":"de","@id":"https:\/\/swissdigitalcenter.flexstud.io\/de\/laufende-projekte\/#primaryimage","url":"https:\/\/swissdigitalcenter.flexstud.io\/wp-content\/uploads\/2022\/06\/20220600-SDC-389-scaled-e1655134869235.jpg","contentUrl":"https:\/\/swissdigitalcenter.flexstud.io\/wp-content\/uploads\/2022\/06\/20220600-SDC-389-scaled-e1655134869235.jpg","width":2560,"height":1793},{"@type":"BreadcrumbList","@id":"https:\/\/swissdigitalcenter.flexstud.io\/de\/laufende-projekte\/#breadcrumb","itemListElement":[{"@type":"ListItem","position":1,"name":"Home","item":"https:\/\/swissdigitalcenter.flexstud.io\/de\/startseite\/"},{"@type":"ListItem","position":2,"name":"Laufende Projekte"}]},{"@type":"WebSite","@id":"https:\/\/swissdigitalcenter.flexstud.io\/fr\/#website","url":"https:\/\/swissdigitalcenter.flexstud.io\/fr\/","name":"Swiss Digital Center","description":"La digitalisation au c\u0153ur des Alpes","publisher":{"@id":"https:\/\/swissdigitalcenter.flexstud.io\/fr\/#organization"},"potentialAction":[{"@type":"SearchAction","target":{"@type":"EntryPoint","urlTemplate":"https:\/\/swissdigitalcenter.flexstud.io\/fr\/?s={search_term_string}"},"query-input":{"@type":"PropertyValueSpecification","valueRequired":true,"valueName":"search_term_string"}}],"inLanguage":"de"},{"@type":"Organization","@id":"https:\/\/swissdigitalcenter.flexstud.io\/fr\/#organization","name":"Swiss Digital Center","url":"https:\/\/swissdigitalcenter.flexstud.io\/fr\/","logo":{"@type":"ImageObject","inLanguage":"de","@id":"https:\/\/swissdigitalcenter.flexstud.io\/fr\/#\/schema\/logo\/image\/","url":"https:\/\/swissdigitalcenter.flexstud.io\/wp-content\/uploads\/2020\/07\/favicon-1.png","contentUrl":"https:\/\/swissdigitalcenter.flexstud.io\/wp-content\/uploads\/2020\/07\/favicon-1.png","width":512,"height":512,"caption":"Swiss Digital Center"},"image":{"@id":"https:\/\/swissdigitalcenter.flexstud.io\/fr\/#\/schema\/logo\/image\/"},"sameAs":["https:\/\/www.facebook.com\/TechnoPoleDeSierre","https:\/\/x.com\/tpolesierre"]}]}},"_links":{"self":[{"href":"https:\/\/swissdigitalcenter.flexstud.io\/de\/wp-json\/wp\/v2\/pages\/7358","targetHints":{"allow":["GET"]}}],"collection":[{"href":"https:\/\/swissdigitalcenter.flexstud.io\/de\/wp-json\/wp\/v2\/pages"}],"about":[{"href":"https:\/\/swissdigitalcenter.flexstud.io\/de\/wp-json\/wp\/v2\/types\/page"}],"author":[{"embeddable":true,"href":"https:\/\/swissdigitalcenter.flexstud.io\/de\/wp-json\/wp\/v2\/users\/1"}],"replies":[{"embeddable":true,"href":"https:\/\/swissdigitalcenter.flexstud.io\/de\/wp-json\/wp\/v2\/comments?post=7358"}],"version-history":[{"count":14,"href":"https:\/\/swissdigitalcenter.flexstud.io\/de\/wp-json\/wp\/v2\/pages\/7358\/revisions"}],"predecessor-version":[{"id":8950,"href":"https:\/\/swissdigitalcenter.flexstud.io\/de\/wp-json\/wp\/v2\/pages\/7358\/revisions\/8950"}],"wp:featuredmedia":[{"embeddable":true,"href":"https:\/\/swissdigitalcenter.flexstud.io\/de\/wp-json\/wp\/v2\/media\/7788"}],"wp:attachment":[{"href":"https:\/\/swissdigitalcenter.flexstud.io\/de\/wp-json\/wp\/v2\/media?parent=7358"}],"curies":[{"name":"wp","href":"https:\/\/api.w.org\/{rel}","templated":true}]}}