{"id":6854,"date":"2022-05-12T15:36:13","date_gmt":"2022-05-12T13:36:13","guid":{"rendered":"https:\/\/swissdigitalcenter.flexstud.io\/?page_id=6854"},"modified":"2022-10-28T10:53:49","modified_gmt":"2022-10-28T08:53:49","slug":"parking-prive-pour-les-residents","status":"publish","type":"page","link":"https:\/\/swissdigitalcenter.flexstud.io\/fr\/services-pour-entreprises\/parking-prive-pour-les-residents\/","title":{"rendered":"Parking priv\u00e9 pour les r\u00e9sidents"},"content":{"rendered":"\t\t<div data-elementor-type=\"wp-page\" data-elementor-id=\"6854\" class=\"elementor elementor-6854\" data-elementor-post-type=\"page\">\n\t\t\t\t\t\t<section class=\"elementor-section elementor-top-section elementor-element elementor-element-de54819 elementor-section-boxed elementor-section-height-default elementor-section-height-default\" data-id=\"de54819\" data-element_type=\"section\" data-e-type=\"section\">\n\t\t\t\t\t\t<div class=\"elementor-container elementor-column-gap-default\">\n\t\t\t\t\t<div class=\"elementor-column elementor-col-100 elementor-top-column elementor-element elementor-element-9b72cf4\" data-id=\"9b72cf4\" data-element_type=\"column\" data-e-type=\"column\">\n\t\t\t<div class=\"elementor-widget-wrap elementor-element-populated\">\n\t\t\t\t\t\t<div class=\"elementor-element elementor-element-4c8d621 elementor-widget elementor-widget-heading\" data-id=\"4c8d621\" data-element_type=\"widget\" data-e-type=\"widget\" data-widget_type=\"heading.default\">\n\t\t\t\t<div class=\"elementor-widget-container\">\n\t\t\t\t\t<h2 class=\"elementor-heading-title elementor-size-default\">Un parking r\u00e9serv\u00e9 aux r\u00e9sidents<\/h2>\t\t\t\t<\/div>\n\t\t\t\t<\/div>\n\t\t\t\t<div class=\"elementor-element elementor-element-27c7061 elementor-icon-list--layout-traditional elementor-list-item-link-full_width elementor-widget elementor-widget-icon-list\" data-id=\"27c7061\" data-element_type=\"widget\" data-e-type=\"widget\" data-widget_type=\"icon-list.default\">\n\t\t\t\t<div class=\"elementor-widget-container\">\n\t\t\t\t\t\t\t<ul class=\"elementor-icon-list-items\">\n\t\t\t\t\t\t\t<li class=\"elementor-icon-list-item\">\n\t\t\t\t\t\t\t\t\t\t\t<span class=\"elementor-icon-list-icon\">\n\t\t\t\t\t\t\t<i aria-hidden=\"true\" class=\"fas fa-check-circle\"><\/i>\t\t\t\t\t\t<\/span>\n\t\t\t\t\t\t\t\t\t\t<span class=\"elementor-icon-list-text\">Place de parc ext\u00e9rieure CHF 40.-\/mois<\/span>\n\t\t\t\t\t\t\t\t\t<\/li>\n\t\t\t\t\t\t\t\t<li class=\"elementor-icon-list-item\">\n\t\t\t\t\t\t\t\t\t\t\t<span class=\"elementor-icon-list-icon\">\n\t\t\t\t\t\t\t<i aria-hidden=\"true\" class=\"fas fa-check-circle\"><\/i>\t\t\t\t\t\t<\/span>\n\t\t\t\t\t\t\t\t\t\t<span class=\"elementor-icon-list-text\">Place de parc int\u00e9rieure CHF 100.-\/mois<\/span>\n\t\t\t\t\t\t\t\t\t<\/li>\n\t\t\t\t\t\t\t\t<li class=\"elementor-icon-list-item\">\n\t\t\t\t\t\t\t\t\t\t\t<span class=\"elementor-icon-list-icon\">\n\t\t\t\t\t\t\t<i aria-hidden=\"true\" class=\"fas fa-check-circle\"><\/i>\t\t\t\t\t\t<\/span>\n\t\t\t\t\t\t\t\t\t\t<span class=\"elementor-icon-list-text\">Parking public pour les visiteurs<\/span>\n\t\t\t\t\t\t\t\t\t<\/li>\n\t\t\t\t\t\t\t\t<li class=\"elementor-icon-list-item\">\n\t\t\t\t\t\t\t\t\t\t\t<span class=\"elementor-icon-list-icon\">\n\t\t\t\t\t\t\t<i aria-hidden=\"true\" class=\"fas fa-check-circle\"><\/i>\t\t\t\t\t\t<\/span>\n\t\t\t\t\t\t\t\t\t\t<span class=\"elementor-icon-list-text\">V\u00e9hicules \u00e9lectriques : 16 stations de recharge sur le site<\/span>\n\t\t\t\t\t\t\t\t\t<\/li>\n\t\t\t\t\t\t<\/ul>\n\t\t\t\t\t\t<\/div>\n\t\t\t\t<\/div>\n\t\t\t\t<div class=\"elementor-element elementor-element-659261b elementor-widget elementor-widget-button\" data-id=\"659261b\" data-element_type=\"widget\" data-e-type=\"widget\" data-widget_type=\"button.default\">\n\t\t\t\t<div class=\"elementor-widget-container\">\n\t\t\t\t\t\t\t\t\t<div class=\"elementor-button-wrapper\">\n\t\t\t\t\t<a class=\"elementor-button elementor-button-link elementor-size-sm\" href=\"https:\/\/swissdigitalcenter.flexstud.io\/a-propos#contact\">\n\t\t\t\t\t\t<span class=\"elementor-button-content-wrapper\">\n\t\t\t\t\t\t\t\t\t<span class=\"elementor-button-text\">Contactez-nous pour une visite<\/span>\n\t\t\t\t\t<\/span>\n\t\t\t\t\t<\/a>\n\t\t\t\t<\/div>\n\t\t\t\t\t\t\t\t<\/div>\n\t\t\t\t<\/div>\n\t\t\t\t\t<\/div>\n\t\t<\/div>\n\t\t\t\t\t<\/div>\n\t\t<\/section>\n\t\t\t\t<section class=\"elementor-section elementor-top-section elementor-element elementor-element-a81bf27 elementor-section-boxed elementor-section-height-default elementor-section-height-default\" data-id=\"a81bf27\" data-element_type=\"section\" data-e-type=\"section\">\n\t\t\t\t\t\t<div class=\"elementor-container elementor-column-gap-default\">\n\t\t\t\t\t<div class=\"elementor-column elementor-col-100 elementor-top-column elementor-element elementor-element-5e2877a\" data-id=\"5e2877a\" data-element_type=\"column\" data-e-type=\"column\">\n\t\t\t<div class=\"elementor-widget-wrap elementor-element-populated\">\n\t\t\t\t\t\t<div class=\"elementor-element elementor-element-427d0d6 elementor-widget elementor-widget-heading\" data-id=\"427d0d6\" data-element_type=\"widget\" data-e-type=\"widget\" data-widget_type=\"heading.default\">\n\t\t\t\t<div class=\"elementor-widget-container\">\n\t\t\t\t\t<h2 class=\"elementor-heading-title elementor-size-default\">Bornes de recharge<\/h2>\t\t\t\t<\/div>\n\t\t\t\t<\/div>\n\t\t\t\t<div class=\"elementor-element elementor-element-473f6eb elementor-widget elementor-widget-text-editor\" data-id=\"473f6eb\" data-element_type=\"widget\" data-e-type=\"widget\" data-widget_type=\"text-editor.default\">\n\t\t\t\t<div class=\"elementor-widget-container\">\n\t\t\t\t\t\t\t\t\t<p>Le Swiss Digital Center dispose de 16 bornes de recharge. Les bornes de recharge, install\u00e9es dans les parkings, permettent aux r\u00e9sidents de recharger leurs voitures pendant leur journ\u00e9e de travail. Ces bornes sont compatibles avec la plupart des mod\u00e8les de voitures \u00e9lectriques sur le march\u00e9 disposant d\u2019une prise \u00ab Type 2 \u00bb.<\/p>\n<p><em>Remarque : d\u00e8s 2022, une tarification identique \u00e0 celle des bornes du fournisseur local d&rsquo;\u00e9nergie sera appliqu\u00e9e.<\/em><\/p>\t\t\t\t\t\t\t\t<\/div>\n\t\t\t\t<\/div>\n\t\t\t\t\t<\/div>\n\t\t<\/div>\n\t\t\t\t\t<\/div>\n\t\t<\/section>\n\t\t\t\t<\/div>\n\t\t","protected":false},"excerpt":{"rendered":"<p>Un parking r\u00e9serv\u00e9 aux r\u00e9sidents Place de parc ext\u00e9rieure CHF 40.-\/mois Place de parc int\u00e9rieure CHF 100.-\/mois Parking public pour les visiteurs V\u00e9hicules \u00e9lectriques : 16 stations de recharge sur le site Contactez-nous pour une visite Bornes de recharge Le Swiss Digital Center dispose de 16 bornes de recharge. Les bornes de recharge, install\u00e9es dans [&hellip;]<\/p>\n","protected":false},"author":1,"featured_media":8284,"parent":6033,"menu_order":10,"comment_status":"closed","ping_status":"closed","template":"","meta":{"_acf_changed":false,"footnotes":""},"class_list":["post-6854","page","type-page","status-publish","has-post-thumbnail","hentry"],"acf":[],"yoast_head":"<!-- This site is optimized with the Yoast SEO plugin v27.3 - https:\/\/yoast.com\/product\/yoast-seo-wordpress\/ -->\n<title>Parking priv\u00e9 pour les r\u00e9sidents &#8211; Swiss Digital Center<\/title>\n<meta name=\"robots\" content=\"noindex, follow, max-snippet:-1, max-image-preview:large, max-video-preview:-1\" \/>\n<meta property=\"og:locale\" content=\"fr_FR\" \/>\n<meta property=\"og:type\" content=\"article\" \/>\n<meta property=\"og:title\" content=\"Parking priv\u00e9 pour les r\u00e9sidents &#8211; Swiss Digital Center\" \/>\n<meta property=\"og:description\" content=\"Un parking r\u00e9serv\u00e9 aux r\u00e9sidents Place de parc ext\u00e9rieure CHF 40.-\/mois Place de parc int\u00e9rieure CHF 100.-\/mois Parking public pour les visiteurs V\u00e9hicules \u00e9lectriques : 16 stations de recharge sur le site Contactez-nous pour une visite Bornes de recharge Le Swiss Digital Center dispose de 16 bornes de recharge. Les bornes de recharge, install\u00e9es dans [&hellip;]\" \/>\n<meta property=\"og:url\" content=\"https:\/\/swissdigitalcenter.flexstud.io\/fr\/services-pour-entreprises\/parking-prive-pour-les-residents\/\" \/>\n<meta property=\"og:site_name\" content=\"Swiss Digital Center\" \/>\n<meta property=\"article:publisher\" content=\"https:\/\/www.facebook.com\/TechnoPoleDeSierre\" \/>\n<meta property=\"article:modified_time\" content=\"2022-10-28T08:53:49+00:00\" \/>\n<meta property=\"og:image\" content=\"https:\/\/swissdigitalcenter.flexstud.io\/wp-content\/uploads\/2022\/06\/20220600-SDC-663-1-scaled-e1655820972823.jpg\" \/>\n\t<meta property=\"og:image:width\" content=\"2547\" \/>\n\t<meta property=\"og:image:height\" content=\"1158\" \/>\n\t<meta property=\"og:image:type\" content=\"image\/jpeg\" \/>\n<meta name=\"twitter:card\" content=\"summary_large_image\" \/>\n<meta name=\"twitter:site\" content=\"@tpolesierre\" \/>\n<meta name=\"twitter:label1\" content=\"Dur\u00e9e de lecture estim\u00e9e\" \/>\n\t<meta name=\"twitter:data1\" content=\"1 minute\" \/>\n<script type=\"application\/ld+json\" class=\"yoast-schema-graph\">{\"@context\":\"https:\\\/\\\/schema.org\",\"@graph\":[{\"@type\":\"WebPage\",\"@id\":\"https:\\\/\\\/swissdigitalcenter.flexstud.io\\\/fr\\\/services-pour-entreprises\\\/parking-prive-pour-les-residents\\\/\",\"url\":\"https:\\\/\\\/swissdigitalcenter.flexstud.io\\\/fr\\\/services-pour-entreprises\\\/parking-prive-pour-les-residents\\\/\",\"name\":\"Parking priv\u00e9 pour les r\u00e9sidents &#8211; Swiss Digital Center\",\"isPartOf\":{\"@id\":\"https:\\\/\\\/swissdigitalcenter.flexstud.io\\\/fr\\\/#website\"},\"primaryImageOfPage\":{\"@id\":\"https:\\\/\\\/swissdigitalcenter.flexstud.io\\\/fr\\\/services-pour-entreprises\\\/parking-prive-pour-les-residents\\\/#primaryimage\"},\"image\":{\"@id\":\"https:\\\/\\\/swissdigitalcenter.flexstud.io\\\/fr\\\/services-pour-entreprises\\\/parking-prive-pour-les-residents\\\/#primaryimage\"},\"thumbnailUrl\":\"https:\\\/\\\/swissdigitalcenter.flexstud.io\\\/wp-content\\\/uploads\\\/2022\\\/06\\\/20220600-SDC-663-1-scaled-e1655820972823.jpg\",\"datePublished\":\"2022-05-12T13:36:13+00:00\",\"dateModified\":\"2022-10-28T08:53:49+00:00\",\"breadcrumb\":{\"@id\":\"https:\\\/\\\/swissdigitalcenter.flexstud.io\\\/fr\\\/services-pour-entreprises\\\/parking-prive-pour-les-residents\\\/#breadcrumb\"},\"inLanguage\":\"fr-FR\",\"potentialAction\":[{\"@type\":\"ReadAction\",\"target\":[\"https:\\\/\\\/swissdigitalcenter.flexstud.io\\\/fr\\\/services-pour-entreprises\\\/parking-prive-pour-les-residents\\\/\"]}]},{\"@type\":\"ImageObject\",\"inLanguage\":\"fr-FR\",\"@id\":\"https:\\\/\\\/swissdigitalcenter.flexstud.io\\\/fr\\\/services-pour-entreprises\\\/parking-prive-pour-les-residents\\\/#primaryimage\",\"url\":\"https:\\\/\\\/swissdigitalcenter.flexstud.io\\\/wp-content\\\/uploads\\\/2022\\\/06\\\/20220600-SDC-663-1-scaled-e1655820972823.jpg\",\"contentUrl\":\"https:\\\/\\\/swissdigitalcenter.flexstud.io\\\/wp-content\\\/uploads\\\/2022\\\/06\\\/20220600-SDC-663-1-scaled-e1655820972823.jpg\",\"width\":2547,\"height\":1158},{\"@type\":\"BreadcrumbList\",\"@id\":\"https:\\\/\\\/swissdigitalcenter.flexstud.io\\\/fr\\\/services-pour-entreprises\\\/parking-prive-pour-les-residents\\\/#breadcrumb\",\"itemListElement\":[{\"@type\":\"ListItem\",\"position\":1,\"name\":\"Home\",\"item\":\"https:\\\/\\\/swissdigitalcenter.flexstud.io\\\/fr\\\/\"},{\"@type\":\"ListItem\",\"position\":2,\"name\":\"Services pour entreprises\",\"item\":\"https:\\\/\\\/swissdigitalcenter.flexstud.io\\\/fr\\\/services-pour-entreprises\\\/\"},{\"@type\":\"ListItem\",\"position\":3,\"name\":\"Parking priv\u00e9 pour les r\u00e9sidents\"}]},{\"@type\":\"WebSite\",\"@id\":\"https:\\\/\\\/swissdigitalcenter.flexstud.io\\\/fr\\\/#website\",\"url\":\"https:\\\/\\\/swissdigitalcenter.flexstud.io\\\/fr\\\/\",\"name\":\"Swiss Digital Center\",\"description\":\"La digitalisation au c\u0153ur des Alpes\",\"publisher\":{\"@id\":\"https:\\\/\\\/swissdigitalcenter.flexstud.io\\\/fr\\\/#organization\"},\"potentialAction\":[{\"@type\":\"SearchAction\",\"target\":{\"@type\":\"EntryPoint\",\"urlTemplate\":\"https:\\\/\\\/swissdigitalcenter.flexstud.io\\\/fr\\\/?s={search_term_string}\"},\"query-input\":{\"@type\":\"PropertyValueSpecification\",\"valueRequired\":true,\"valueName\":\"search_term_string\"}}],\"inLanguage\":\"fr-FR\"},{\"@type\":\"Organization\",\"@id\":\"https:\\\/\\\/swissdigitalcenter.flexstud.io\\\/fr\\\/#organization\",\"name\":\"Swiss Digital Center\",\"url\":\"https:\\\/\\\/swissdigitalcenter.flexstud.io\\\/fr\\\/\",\"logo\":{\"@type\":\"ImageObject\",\"inLanguage\":\"fr-FR\",\"@id\":\"https:\\\/\\\/swissdigitalcenter.flexstud.io\\\/fr\\\/#\\\/schema\\\/logo\\\/image\\\/\",\"url\":\"https:\\\/\\\/swissdigitalcenter.flexstud.io\\\/wp-content\\\/uploads\\\/2020\\\/07\\\/favicon-1.png\",\"contentUrl\":\"https:\\\/\\\/swissdigitalcenter.flexstud.io\\\/wp-content\\\/uploads\\\/2020\\\/07\\\/favicon-1.png\",\"width\":512,\"height\":512,\"caption\":\"Swiss Digital Center\"},\"image\":{\"@id\":\"https:\\\/\\\/swissdigitalcenter.flexstud.io\\\/fr\\\/#\\\/schema\\\/logo\\\/image\\\/\"},\"sameAs\":[\"https:\\\/\\\/www.facebook.com\\\/TechnoPoleDeSierre\",\"https:\\\/\\\/x.com\\\/tpolesierre\"]}]}<\/script>\n<!-- \/ Yoast SEO plugin. -->","yoast_head_json":{"title":"Parking priv\u00e9 pour les r\u00e9sidents &#8211; Swiss Digital Center","robots":{"index":"noindex","follow":"follow","max-snippet":"max-snippet:-1","max-image-preview":"max-image-preview:large","max-video-preview":"max-video-preview:-1"},"og_locale":"fr_FR","og_type":"article","og_title":"Parking priv\u00e9 pour les r\u00e9sidents &#8211; Swiss Digital Center","og_description":"Un parking r\u00e9serv\u00e9 aux r\u00e9sidents Place de parc ext\u00e9rieure CHF 40.-\/mois Place de parc int\u00e9rieure CHF 100.-\/mois Parking public pour les visiteurs V\u00e9hicules \u00e9lectriques : 16 stations de recharge sur le site Contactez-nous pour une visite Bornes de recharge Le Swiss Digital Center dispose de 16 bornes de recharge. Les bornes de recharge, install\u00e9es dans [&hellip;]","og_url":"https:\/\/swissdigitalcenter.flexstud.io\/fr\/services-pour-entreprises\/parking-prive-pour-les-residents\/","og_site_name":"Swiss Digital Center","article_publisher":"https:\/\/www.facebook.com\/TechnoPoleDeSierre","article_modified_time":"2022-10-28T08:53:49+00:00","og_image":[{"width":2547,"height":1158,"url":"https:\/\/swissdigitalcenter.flexstud.io\/wp-content\/uploads\/2022\/06\/20220600-SDC-663-1-scaled-e1655820972823.jpg","type":"image\/jpeg"}],"twitter_card":"summary_large_image","twitter_site":"@tpolesierre","twitter_misc":{"Dur\u00e9e de lecture estim\u00e9e":"1 minute"},"schema":{"@context":"https:\/\/schema.org","@graph":[{"@type":"WebPage","@id":"https:\/\/swissdigitalcenter.flexstud.io\/fr\/services-pour-entreprises\/parking-prive-pour-les-residents\/","url":"https:\/\/swissdigitalcenter.flexstud.io\/fr\/services-pour-entreprises\/parking-prive-pour-les-residents\/","name":"Parking priv\u00e9 pour les r\u00e9sidents &#8211; Swiss Digital Center","isPartOf":{"@id":"https:\/\/swissdigitalcenter.flexstud.io\/fr\/#website"},"primaryImageOfPage":{"@id":"https:\/\/swissdigitalcenter.flexstud.io\/fr\/services-pour-entreprises\/parking-prive-pour-les-residents\/#primaryimage"},"image":{"@id":"https:\/\/swissdigitalcenter.flexstud.io\/fr\/services-pour-entreprises\/parking-prive-pour-les-residents\/#primaryimage"},"thumbnailUrl":"https:\/\/swissdigitalcenter.flexstud.io\/wp-content\/uploads\/2022\/06\/20220600-SDC-663-1-scaled-e1655820972823.jpg","datePublished":"2022-05-12T13:36:13+00:00","dateModified":"2022-10-28T08:53:49+00:00","breadcrumb":{"@id":"https:\/\/swissdigitalcenter.flexstud.io\/fr\/services-pour-entreprises\/parking-prive-pour-les-residents\/#breadcrumb"},"inLanguage":"fr-FR","potentialAction":[{"@type":"ReadAction","target":["https:\/\/swissdigitalcenter.flexstud.io\/fr\/services-pour-entreprises\/parking-prive-pour-les-residents\/"]}]},{"@type":"ImageObject","inLanguage":"fr-FR","@id":"https:\/\/swissdigitalcenter.flexstud.io\/fr\/services-pour-entreprises\/parking-prive-pour-les-residents\/#primaryimage","url":"https:\/\/swissdigitalcenter.flexstud.io\/wp-content\/uploads\/2022\/06\/20220600-SDC-663-1-scaled-e1655820972823.jpg","contentUrl":"https:\/\/swissdigitalcenter.flexstud.io\/wp-content\/uploads\/2022\/06\/20220600-SDC-663-1-scaled-e1655820972823.jpg","width":2547,"height":1158},{"@type":"BreadcrumbList","@id":"https:\/\/swissdigitalcenter.flexstud.io\/fr\/services-pour-entreprises\/parking-prive-pour-les-residents\/#breadcrumb","itemListElement":[{"@type":"ListItem","position":1,"name":"Home","item":"https:\/\/swissdigitalcenter.flexstud.io\/fr\/"},{"@type":"ListItem","position":2,"name":"Services pour entreprises","item":"https:\/\/swissdigitalcenter.flexstud.io\/fr\/services-pour-entreprises\/"},{"@type":"ListItem","position":3,"name":"Parking priv\u00e9 pour les r\u00e9sidents"}]},{"@type":"WebSite","@id":"https:\/\/swissdigitalcenter.flexstud.io\/fr\/#website","url":"https:\/\/swissdigitalcenter.flexstud.io\/fr\/","name":"Swiss Digital Center","description":"La digitalisation au c\u0153ur des Alpes","publisher":{"@id":"https:\/\/swissdigitalcenter.flexstud.io\/fr\/#organization"},"potentialAction":[{"@type":"SearchAction","target":{"@type":"EntryPoint","urlTemplate":"https:\/\/swissdigitalcenter.flexstud.io\/fr\/?s={search_term_string}"},"query-input":{"@type":"PropertyValueSpecification","valueRequired":true,"valueName":"search_term_string"}}],"inLanguage":"fr-FR"},{"@type":"Organization","@id":"https:\/\/swissdigitalcenter.flexstud.io\/fr\/#organization","name":"Swiss Digital Center","url":"https:\/\/swissdigitalcenter.flexstud.io\/fr\/","logo":{"@type":"ImageObject","inLanguage":"fr-FR","@id":"https:\/\/swissdigitalcenter.flexstud.io\/fr\/#\/schema\/logo\/image\/","url":"https:\/\/swissdigitalcenter.flexstud.io\/wp-content\/uploads\/2020\/07\/favicon-1.png","contentUrl":"https:\/\/swissdigitalcenter.flexstud.io\/wp-content\/uploads\/2020\/07\/favicon-1.png","width":512,"height":512,"caption":"Swiss Digital Center"},"image":{"@id":"https:\/\/swissdigitalcenter.flexstud.io\/fr\/#\/schema\/logo\/image\/"},"sameAs":["https:\/\/www.facebook.com\/TechnoPoleDeSierre","https:\/\/x.com\/tpolesierre"]}]}},"_links":{"self":[{"href":"https:\/\/swissdigitalcenter.flexstud.io\/fr\/wp-json\/wp\/v2\/pages\/6854","targetHints":{"allow":["GET"]}}],"collection":[{"href":"https:\/\/swissdigitalcenter.flexstud.io\/fr\/wp-json\/wp\/v2\/pages"}],"about":[{"href":"https:\/\/swissdigitalcenter.flexstud.io\/fr\/wp-json\/wp\/v2\/types\/page"}],"author":[{"embeddable":true,"href":"https:\/\/swissdigitalcenter.flexstud.io\/fr\/wp-json\/wp\/v2\/users\/1"}],"replies":[{"embeddable":true,"href":"https:\/\/swissdigitalcenter.flexstud.io\/fr\/wp-json\/wp\/v2\/comments?post=6854"}],"version-history":[{"count":17,"href":"https:\/\/swissdigitalcenter.flexstud.io\/fr\/wp-json\/wp\/v2\/pages\/6854\/revisions"}],"predecessor-version":[{"id":9138,"href":"https:\/\/swissdigitalcenter.flexstud.io\/fr\/wp-json\/wp\/v2\/pages\/6854\/revisions\/9138"}],"up":[{"embeddable":true,"href":"https:\/\/swissdigitalcenter.flexstud.io\/fr\/wp-json\/wp\/v2\/pages\/6033"}],"wp:featuredmedia":[{"embeddable":true,"href":"https:\/\/swissdigitalcenter.flexstud.io\/fr\/wp-json\/wp\/v2\/media\/8284"}],"wp:attachment":[{"href":"https:\/\/swissdigitalcenter.flexstud.io\/fr\/wp-json\/wp\/v2\/media?parent=6854"}],"curies":[{"name":"wp","href":"https:\/\/api.w.org\/{rel}","templated":true}]}}