{"id":6856,"date":"2022-05-12T15:36:30","date_gmt":"2022-05-12T13:36:30","guid":{"rendered":"https:\/\/swissdigitalcenter.flexstud.io\/?page_id=6856"},"modified":"2024-01-25T11:23:21","modified_gmt":"2024-01-25T10:23:21","slug":"concept-mobilite","status":"publish","type":"page","link":"https:\/\/swissdigitalcenter.flexstud.io\/fr\/services-pour-entreprises\/concept-mobilite\/","title":{"rendered":"Concept mobilit\u00e9"},"content":{"rendered":"\t\t<div data-elementor-type=\"wp-page\" data-elementor-id=\"6856\" class=\"elementor elementor-6856\" data-elementor-post-type=\"page\">\n\t\t\t\t\t\t<section class=\"elementor-section elementor-top-section elementor-element elementor-element-e91ddfe elementor-section-boxed elementor-section-height-default elementor-section-height-default\" data-id=\"e91ddfe\" data-element_type=\"section\" data-e-type=\"section\">\n\t\t\t\t\t\t<div class=\"elementor-container elementor-column-gap-default\">\n\t\t\t\t\t<div class=\"elementor-column elementor-col-100 elementor-top-column elementor-element elementor-element-6afca89\" data-id=\"6afca89\" data-element_type=\"column\" data-e-type=\"column\">\n\t\t\t<div class=\"elementor-widget-wrap elementor-element-populated\">\n\t\t\t\t\t\t<div class=\"elementor-element elementor-element-bc97092 elementor-widget elementor-widget-button\" data-id=\"bc97092\" data-element_type=\"widget\" data-e-type=\"widget\" data-widget_type=\"button.default\">\n\t\t\t\t<div class=\"elementor-widget-container\">\n\t\t\t\t\t\t\t\t\t<div class=\"elementor-button-wrapper\">\n\t\t\t\t\t<a class=\"elementor-button elementor-button-link elementor-size-sm\" href=\"https:\/\/swissdigitalcenter.flexstud.io\/a-propos#contact\">\n\t\t\t\t\t\t<span class=\"elementor-button-content-wrapper\">\n\t\t\t\t\t\t\t\t\t<span class=\"elementor-button-text\">Contactez-nous pour une visite<\/span>\n\t\t\t\t\t<\/span>\n\t\t\t\t\t<\/a>\n\t\t\t\t<\/div>\n\t\t\t\t\t\t\t\t<\/div>\n\t\t\t\t<\/div>\n\t\t\t\t\t<\/div>\n\t\t<\/div>\n\t\t\t\t\t<\/div>\n\t\t<\/section>\n\t\t\t\t<section class=\"elementor-section elementor-top-section elementor-element elementor-element-d9a74eb elementor-section-boxed elementor-section-height-default elementor-section-height-default\" data-id=\"d9a74eb\" data-element_type=\"section\" data-e-type=\"section\">\n\t\t\t\t\t\t<div class=\"elementor-container elementor-column-gap-default\">\n\t\t\t\t\t<div class=\"elementor-column elementor-col-100 elementor-top-column elementor-element elementor-element-fda54ef\" data-id=\"fda54ef\" data-element_type=\"column\" data-e-type=\"column\">\n\t\t\t<div class=\"elementor-widget-wrap elementor-element-populated\">\n\t\t\t\t\t\t<div class=\"elementor-element elementor-element-edc4039 elementor-widget elementor-widget-heading\" data-id=\"edc4039\" data-element_type=\"widget\" data-e-type=\"widget\" data-widget_type=\"heading.default\">\n\t\t\t\t<div class=\"elementor-widget-container\">\n\t\t\t\t\t<h2 class=\"elementor-heading-title elementor-size-default\">Location de trottinettes<\/h2>\t\t\t\t<\/div>\n\t\t\t\t<\/div>\n\t\t\t\t<div class=\"elementor-element elementor-element-c9ece1b elementor-widget elementor-widget-text-editor\" data-id=\"c9ece1b\" data-element_type=\"widget\" data-e-type=\"widget\" data-widget_type=\"text-editor.default\">\n\t\t\t\t<div class=\"elementor-widget-container\">\n\t\t\t\t\t\t\t\t\t<p>Une flotte de trottinette est mise gratuitement \u00e0 disposition des r\u00e9sidents du Swiss Digital Center. Les trottinettes sont en libre service \u00e0 l&rsquo;Accueil du SDC.<\/p><p>Lors de la premi\u00e8re utilisation, merci de prendre contact avec l&rsquo;Accueil. Nous vous demanderons de signer une d\u00e9charge de responsabilit\u00e9 et vous donnerons acc\u00e8s au bureau o\u00f9 les trottinettes sont stock\u00e9es.<\/p><p>L&rsquo;utilisateur s&rsquo;engage \u00e0 assumer financi\u00e8rement le remplacement ou la r\u00e9paration du mat\u00e9riel vol\u00e9 ou endommag\u00e9.<\/p>\t\t\t\t\t\t\t\t<\/div>\n\t\t\t\t<\/div>\n\t\t\t\t\t<\/div>\n\t\t<\/div>\n\t\t\t\t\t<\/div>\n\t\t<\/section>\n\t\t\t\t<section class=\"elementor-section elementor-top-section elementor-element elementor-element-1089924 elementor-section-boxed elementor-section-height-default elementor-section-height-default\" data-id=\"1089924\" data-element_type=\"section\" data-e-type=\"section\">\n\t\t\t\t\t\t<div class=\"elementor-container elementor-column-gap-default\">\n\t\t\t\t\t<div class=\"elementor-column elementor-col-100 elementor-top-column elementor-element elementor-element-8703021\" data-id=\"8703021\" data-element_type=\"column\" data-e-type=\"column\">\n\t\t\t<div class=\"elementor-widget-wrap elementor-element-populated\">\n\t\t\t\t\t\t<div class=\"elementor-element elementor-element-115afb0 elementor-widget elementor-widget-heading\" data-id=\"115afb0\" data-element_type=\"widget\" data-e-type=\"widget\" data-widget_type=\"heading.default\">\n\t\t\t\t<div class=\"elementor-widget-container\">\n\t\t\t\t\t<h2 class=\"elementor-heading-title elementor-size-default\">Service Velospot<\/h2>\t\t\t\t<\/div>\n\t\t\t\t<\/div>\n\t\t\t\t<div class=\"elementor-element elementor-element-687d89f elementor-widget elementor-widget-text-editor\" data-id=\"687d89f\" data-element_type=\"widget\" data-e-type=\"widget\" data-widget_type=\"text-editor.default\">\n\t\t\t\t<div class=\"elementor-widget-container\">\n\t\t\t\t\t\t\t\t\t<p>Circulez en toute libert\u00e9 ! Une station Velospot est install\u00e9e \u00e0 l&rsquo;entr\u00e9e du Swiss Digital Center et un abonnement \u00e0 prix pr\u00e9f\u00e9rentiel est propos\u00e9 aux r\u00e9sidents.<\/p>\n<p>Le&nbsp;<strong>Swiss Digital Center<\/strong>&nbsp;et la&nbsp;<strong>Bourgeoisie de Sierre<\/strong>&nbsp;continuent \u00e0 s&rsquo;engager pour la mobilit\u00e9 douce en finan\u00e7ant la station de v\u00e9los en libre service du Swiss Digital Center et en participant financi\u00e8rement \u00e0 l&rsquo;achat de ton abonnement (CHF 40.- rembours\u00e9 \u00e0 l&rsquo;achat d&rsquo;un abonnement annuel d&rsquo;une valeur de CHF 70.-).<\/p>\n<p><span style=\"color: var( --e-global-color-primary ); font-family: var( --e-global-typography-text-font-family ), Sans-serif; font-size: var( --e-global-typography-text-font-size ); font-weight: var( --e-global-typography-text-font-weight );\">Les r\u00e9sidents du SDC b\u00e9n\u00e9ficient de conditions particuli\u00e8rement avantageuses (les 30 premi\u00e8res minutes avec un v\u00e9lo \u00ab\u00a0musculaire\u00a0\u00bb sont gratuites et factur\u00e9es seulement CHF 1.- pour les eBike).<\/span><br><\/p><p><span style=\"color: var( --e-global-color-primary ); font-family: var( --e-global-typography-text-font-family ), Sans-serif; font-size: var( --e-global-typography-text-font-size ); font-weight: var( --e-global-typography-text-font-weight );\">Merci de prendre contact avec l&rsquo;Accueil pour b\u00e9n\u00e9ficier des ces avantages.<\/span><\/p>\t\t\t\t\t\t\t\t<\/div>\n\t\t\t\t<\/div>\n\t\t\t\t\t<\/div>\n\t\t<\/div>\n\t\t\t\t\t<\/div>\n\t\t<\/section>\n\t\t\t\t<\/div>\n\t\t","protected":false},"excerpt":{"rendered":"<p>Contactez-nous pour une visite Location de trottinettes Une flotte de trottinette est mise gratuitement \u00e0 disposition des r\u00e9sidents du Swiss Digital Center. Les trottinettes sont en libre service \u00e0 l&rsquo;Accueil du SDC. Lors de la premi\u00e8re utilisation, merci de prendre contact avec l&rsquo;Accueil. Nous vous demanderons de signer une d\u00e9charge de responsabilit\u00e9 et vous donnerons [&hellip;]<\/p>\n","protected":false},"author":1,"featured_media":6636,"parent":6033,"menu_order":11,"comment_status":"closed","ping_status":"closed","template":"","meta":{"_acf_changed":false,"footnotes":""},"class_list":["post-6856","page","type-page","status-publish","has-post-thumbnail","hentry"],"acf":[],"yoast_head":"<!-- This site is optimized with the Yoast SEO plugin v27.3 - https:\/\/yoast.com\/product\/yoast-seo-wordpress\/ -->\n<title>Concept mobilit\u00e9 &#8211; Swiss Digital Center<\/title>\n<meta name=\"robots\" content=\"noindex, follow, max-snippet:-1, max-image-preview:large, max-video-preview:-1\" \/>\n<meta property=\"og:locale\" content=\"fr_FR\" \/>\n<meta property=\"og:type\" content=\"article\" \/>\n<meta property=\"og:title\" content=\"Concept mobilit\u00e9 &#8211; Swiss Digital Center\" \/>\n<meta property=\"og:description\" content=\"Contactez-nous pour une visite Location de trottinettes Une flotte de trottinette est mise gratuitement \u00e0 disposition des r\u00e9sidents du Swiss Digital Center. Les trottinettes sont en libre service \u00e0 l&rsquo;Accueil du SDC. Lors de la premi\u00e8re utilisation, merci de prendre contact avec l&rsquo;Accueil. Nous vous demanderons de signer une d\u00e9charge de responsabilit\u00e9 et vous donnerons [&hellip;]\" \/>\n<meta property=\"og:url\" content=\"https:\/\/swissdigitalcenter.flexstud.io\/fr\/services-pour-entreprises\/concept-mobilite\/\" \/>\n<meta property=\"og:site_name\" content=\"Swiss Digital Center\" \/>\n<meta property=\"article:publisher\" content=\"https:\/\/www.facebook.com\/TechnoPoleDeSierre\" \/>\n<meta property=\"article:modified_time\" content=\"2024-01-25T10:23:21+00:00\" \/>\n<meta property=\"og:image\" content=\"https:\/\/swissdigitalcenter.flexstud.io\/wp-content\/uploads\/2022\/05\/unsplash_yerrwvj_Xy4.jpg\" \/>\n\t<meta property=\"og:image:width\" content=\"460\" \/>\n\t<meta property=\"og:image:height\" content=\"345\" \/>\n\t<meta property=\"og:image:type\" content=\"image\/jpeg\" \/>\n<meta name=\"twitter:card\" content=\"summary_large_image\" \/>\n<meta name=\"twitter:site\" content=\"@tpolesierre\" \/>\n<meta name=\"twitter:label1\" content=\"Dur\u00e9e de lecture estim\u00e9e\" \/>\n\t<meta name=\"twitter:data1\" content=\"1 minute\" \/>\n<script type=\"application\/ld+json\" class=\"yoast-schema-graph\">{\"@context\":\"https:\\\/\\\/schema.org\",\"@graph\":[{\"@type\":\"WebPage\",\"@id\":\"https:\\\/\\\/swissdigitalcenter.flexstud.io\\\/fr\\\/services-pour-entreprises\\\/concept-mobilite\\\/\",\"url\":\"https:\\\/\\\/swissdigitalcenter.flexstud.io\\\/fr\\\/services-pour-entreprises\\\/concept-mobilite\\\/\",\"name\":\"Concept mobilit\u00e9 &#8211; Swiss Digital Center\",\"isPartOf\":{\"@id\":\"https:\\\/\\\/swissdigitalcenter.flexstud.io\\\/fr\\\/#website\"},\"primaryImageOfPage\":{\"@id\":\"https:\\\/\\\/swissdigitalcenter.flexstud.io\\\/fr\\\/services-pour-entreprises\\\/concept-mobilite\\\/#primaryimage\"},\"image\":{\"@id\":\"https:\\\/\\\/swissdigitalcenter.flexstud.io\\\/fr\\\/services-pour-entreprises\\\/concept-mobilite\\\/#primaryimage\"},\"thumbnailUrl\":\"https:\\\/\\\/swissdigitalcenter.flexstud.io\\\/wp-content\\\/uploads\\\/2022\\\/05\\\/unsplash_yerrwvj_Xy4.jpg\",\"datePublished\":\"2022-05-12T13:36:30+00:00\",\"dateModified\":\"2024-01-25T10:23:21+00:00\",\"breadcrumb\":{\"@id\":\"https:\\\/\\\/swissdigitalcenter.flexstud.io\\\/fr\\\/services-pour-entreprises\\\/concept-mobilite\\\/#breadcrumb\"},\"inLanguage\":\"fr-FR\",\"potentialAction\":[{\"@type\":\"ReadAction\",\"target\":[\"https:\\\/\\\/swissdigitalcenter.flexstud.io\\\/fr\\\/services-pour-entreprises\\\/concept-mobilite\\\/\"]}]},{\"@type\":\"ImageObject\",\"inLanguage\":\"fr-FR\",\"@id\":\"https:\\\/\\\/swissdigitalcenter.flexstud.io\\\/fr\\\/services-pour-entreprises\\\/concept-mobilite\\\/#primaryimage\",\"url\":\"https:\\\/\\\/swissdigitalcenter.flexstud.io\\\/wp-content\\\/uploads\\\/2022\\\/05\\\/unsplash_yerrwvj_Xy4.jpg\",\"contentUrl\":\"https:\\\/\\\/swissdigitalcenter.flexstud.io\\\/wp-content\\\/uploads\\\/2022\\\/05\\\/unsplash_yerrwvj_Xy4.jpg\",\"width\":460,\"height\":345},{\"@type\":\"BreadcrumbList\",\"@id\":\"https:\\\/\\\/swissdigitalcenter.flexstud.io\\\/fr\\\/services-pour-entreprises\\\/concept-mobilite\\\/#breadcrumb\",\"itemListElement\":[{\"@type\":\"ListItem\",\"position\":1,\"name\":\"Home\",\"item\":\"https:\\\/\\\/swissdigitalcenter.flexstud.io\\\/fr\\\/\"},{\"@type\":\"ListItem\",\"position\":2,\"name\":\"Services pour entreprises\",\"item\":\"https:\\\/\\\/swissdigitalcenter.flexstud.io\\\/fr\\\/services-pour-entreprises\\\/\"},{\"@type\":\"ListItem\",\"position\":3,\"name\":\"Concept mobilit\u00e9\"}]},{\"@type\":\"WebSite\",\"@id\":\"https:\\\/\\\/swissdigitalcenter.flexstud.io\\\/fr\\\/#website\",\"url\":\"https:\\\/\\\/swissdigitalcenter.flexstud.io\\\/fr\\\/\",\"name\":\"Swiss Digital Center\",\"description\":\"La digitalisation au c\u0153ur des Alpes\",\"publisher\":{\"@id\":\"https:\\\/\\\/swissdigitalcenter.flexstud.io\\\/fr\\\/#organization\"},\"potentialAction\":[{\"@type\":\"SearchAction\",\"target\":{\"@type\":\"EntryPoint\",\"urlTemplate\":\"https:\\\/\\\/swissdigitalcenter.flexstud.io\\\/fr\\\/?s={search_term_string}\"},\"query-input\":{\"@type\":\"PropertyValueSpecification\",\"valueRequired\":true,\"valueName\":\"search_term_string\"}}],\"inLanguage\":\"fr-FR\"},{\"@type\":\"Organization\",\"@id\":\"https:\\\/\\\/swissdigitalcenter.flexstud.io\\\/fr\\\/#organization\",\"name\":\"Swiss Digital Center\",\"url\":\"https:\\\/\\\/swissdigitalcenter.flexstud.io\\\/fr\\\/\",\"logo\":{\"@type\":\"ImageObject\",\"inLanguage\":\"fr-FR\",\"@id\":\"https:\\\/\\\/swissdigitalcenter.flexstud.io\\\/fr\\\/#\\\/schema\\\/logo\\\/image\\\/\",\"url\":\"https:\\\/\\\/swissdigitalcenter.flexstud.io\\\/wp-content\\\/uploads\\\/2020\\\/07\\\/favicon-1.png\",\"contentUrl\":\"https:\\\/\\\/swissdigitalcenter.flexstud.io\\\/wp-content\\\/uploads\\\/2020\\\/07\\\/favicon-1.png\",\"width\":512,\"height\":512,\"caption\":\"Swiss Digital Center\"},\"image\":{\"@id\":\"https:\\\/\\\/swissdigitalcenter.flexstud.io\\\/fr\\\/#\\\/schema\\\/logo\\\/image\\\/\"},\"sameAs\":[\"https:\\\/\\\/www.facebook.com\\\/TechnoPoleDeSierre\",\"https:\\\/\\\/x.com\\\/tpolesierre\"]}]}<\/script>\n<!-- \/ Yoast SEO plugin. -->","yoast_head_json":{"title":"Concept mobilit\u00e9 &#8211; Swiss Digital Center","robots":{"index":"noindex","follow":"follow","max-snippet":"max-snippet:-1","max-image-preview":"max-image-preview:large","max-video-preview":"max-video-preview:-1"},"og_locale":"fr_FR","og_type":"article","og_title":"Concept mobilit\u00e9 &#8211; Swiss Digital Center","og_description":"Contactez-nous pour une visite Location de trottinettes Une flotte de trottinette est mise gratuitement \u00e0 disposition des r\u00e9sidents du Swiss Digital Center. Les trottinettes sont en libre service \u00e0 l&rsquo;Accueil du SDC. Lors de la premi\u00e8re utilisation, merci de prendre contact avec l&rsquo;Accueil. Nous vous demanderons de signer une d\u00e9charge de responsabilit\u00e9 et vous donnerons [&hellip;]","og_url":"https:\/\/swissdigitalcenter.flexstud.io\/fr\/services-pour-entreprises\/concept-mobilite\/","og_site_name":"Swiss Digital Center","article_publisher":"https:\/\/www.facebook.com\/TechnoPoleDeSierre","article_modified_time":"2024-01-25T10:23:21+00:00","og_image":[{"width":460,"height":345,"url":"https:\/\/swissdigitalcenter.flexstud.io\/wp-content\/uploads\/2022\/05\/unsplash_yerrwvj_Xy4.jpg","type":"image\/jpeg"}],"twitter_card":"summary_large_image","twitter_site":"@tpolesierre","twitter_misc":{"Dur\u00e9e de lecture estim\u00e9e":"1 minute"},"schema":{"@context":"https:\/\/schema.org","@graph":[{"@type":"WebPage","@id":"https:\/\/swissdigitalcenter.flexstud.io\/fr\/services-pour-entreprises\/concept-mobilite\/","url":"https:\/\/swissdigitalcenter.flexstud.io\/fr\/services-pour-entreprises\/concept-mobilite\/","name":"Concept mobilit\u00e9 &#8211; Swiss Digital Center","isPartOf":{"@id":"https:\/\/swissdigitalcenter.flexstud.io\/fr\/#website"},"primaryImageOfPage":{"@id":"https:\/\/swissdigitalcenter.flexstud.io\/fr\/services-pour-entreprises\/concept-mobilite\/#primaryimage"},"image":{"@id":"https:\/\/swissdigitalcenter.flexstud.io\/fr\/services-pour-entreprises\/concept-mobilite\/#primaryimage"},"thumbnailUrl":"https:\/\/swissdigitalcenter.flexstud.io\/wp-content\/uploads\/2022\/05\/unsplash_yerrwvj_Xy4.jpg","datePublished":"2022-05-12T13:36:30+00:00","dateModified":"2024-01-25T10:23:21+00:00","breadcrumb":{"@id":"https:\/\/swissdigitalcenter.flexstud.io\/fr\/services-pour-entreprises\/concept-mobilite\/#breadcrumb"},"inLanguage":"fr-FR","potentialAction":[{"@type":"ReadAction","target":["https:\/\/swissdigitalcenter.flexstud.io\/fr\/services-pour-entreprises\/concept-mobilite\/"]}]},{"@type":"ImageObject","inLanguage":"fr-FR","@id":"https:\/\/swissdigitalcenter.flexstud.io\/fr\/services-pour-entreprises\/concept-mobilite\/#primaryimage","url":"https:\/\/swissdigitalcenter.flexstud.io\/wp-content\/uploads\/2022\/05\/unsplash_yerrwvj_Xy4.jpg","contentUrl":"https:\/\/swissdigitalcenter.flexstud.io\/wp-content\/uploads\/2022\/05\/unsplash_yerrwvj_Xy4.jpg","width":460,"height":345},{"@type":"BreadcrumbList","@id":"https:\/\/swissdigitalcenter.flexstud.io\/fr\/services-pour-entreprises\/concept-mobilite\/#breadcrumb","itemListElement":[{"@type":"ListItem","position":1,"name":"Home","item":"https:\/\/swissdigitalcenter.flexstud.io\/fr\/"},{"@type":"ListItem","position":2,"name":"Services pour entreprises","item":"https:\/\/swissdigitalcenter.flexstud.io\/fr\/services-pour-entreprises\/"},{"@type":"ListItem","position":3,"name":"Concept mobilit\u00e9"}]},{"@type":"WebSite","@id":"https:\/\/swissdigitalcenter.flexstud.io\/fr\/#website","url":"https:\/\/swissdigitalcenter.flexstud.io\/fr\/","name":"Swiss Digital Center","description":"La digitalisation au c\u0153ur des Alpes","publisher":{"@id":"https:\/\/swissdigitalcenter.flexstud.io\/fr\/#organization"},"potentialAction":[{"@type":"SearchAction","target":{"@type":"EntryPoint","urlTemplate":"https:\/\/swissdigitalcenter.flexstud.io\/fr\/?s={search_term_string}"},"query-input":{"@type":"PropertyValueSpecification","valueRequired":true,"valueName":"search_term_string"}}],"inLanguage":"fr-FR"},{"@type":"Organization","@id":"https:\/\/swissdigitalcenter.flexstud.io\/fr\/#organization","name":"Swiss Digital Center","url":"https:\/\/swissdigitalcenter.flexstud.io\/fr\/","logo":{"@type":"ImageObject","inLanguage":"fr-FR","@id":"https:\/\/swissdigitalcenter.flexstud.io\/fr\/#\/schema\/logo\/image\/","url":"https:\/\/swissdigitalcenter.flexstud.io\/wp-content\/uploads\/2020\/07\/favicon-1.png","contentUrl":"https:\/\/swissdigitalcenter.flexstud.io\/wp-content\/uploads\/2020\/07\/favicon-1.png","width":512,"height":512,"caption":"Swiss Digital Center"},"image":{"@id":"https:\/\/swissdigitalcenter.flexstud.io\/fr\/#\/schema\/logo\/image\/"},"sameAs":["https:\/\/www.facebook.com\/TechnoPoleDeSierre","https:\/\/x.com\/tpolesierre"]}]}},"_links":{"self":[{"href":"https:\/\/swissdigitalcenter.flexstud.io\/fr\/wp-json\/wp\/v2\/pages\/6856","targetHints":{"allow":["GET"]}}],"collection":[{"href":"https:\/\/swissdigitalcenter.flexstud.io\/fr\/wp-json\/wp\/v2\/pages"}],"about":[{"href":"https:\/\/swissdigitalcenter.flexstud.io\/fr\/wp-json\/wp\/v2\/types\/page"}],"author":[{"embeddable":true,"href":"https:\/\/swissdigitalcenter.flexstud.io\/fr\/wp-json\/wp\/v2\/users\/1"}],"replies":[{"embeddable":true,"href":"https:\/\/swissdigitalcenter.flexstud.io\/fr\/wp-json\/wp\/v2\/comments?post=6856"}],"version-history":[{"count":22,"href":"https:\/\/swissdigitalcenter.flexstud.io\/fr\/wp-json\/wp\/v2\/pages\/6856\/revisions"}],"predecessor-version":[{"id":10731,"href":"https:\/\/swissdigitalcenter.flexstud.io\/fr\/wp-json\/wp\/v2\/pages\/6856\/revisions\/10731"}],"up":[{"embeddable":true,"href":"https:\/\/swissdigitalcenter.flexstud.io\/fr\/wp-json\/wp\/v2\/pages\/6033"}],"wp:featuredmedia":[{"embeddable":true,"href":"https:\/\/swissdigitalcenter.flexstud.io\/fr\/wp-json\/wp\/v2\/media\/6636"}],"wp:attachment":[{"href":"https:\/\/swissdigitalcenter.flexstud.io\/fr\/wp-json\/wp\/v2\/media?parent=6856"}],"curies":[{"name":"wp","href":"https:\/\/api.w.org\/{rel}","templated":true}]}}