{"id":7982,"date":"2022-06-15T11:03:56","date_gmt":"2022-06-15T09:03:56","guid":{"rendered":"https:\/\/swissdigitalcenter.flexstud.io\/?page_id=7982"},"modified":"2024-02-22T17:50:52","modified_gmt":"2024-02-22T16:50:52","slug":"elementor-7982","status":"publish","type":"page","link":"https:\/\/swissdigitalcenter.flexstud.io\/fr\/elementor-7982\/","title":{"rendered":"Services pour r\u00e9sidents"},"content":{"rendered":"\t\t<div data-elementor-type=\"wp-page\" data-elementor-id=\"7982\" class=\"elementor elementor-7982\" data-elementor-post-type=\"page\">\n\t\t\t\t\t\t<section class=\"elementor-section elementor-top-section elementor-element elementor-element-c0aab96 elementor-section-boxed elementor-section-height-default elementor-section-height-default\" data-id=\"c0aab96\" data-element_type=\"section\" data-e-type=\"section\">\n\t\t\t\t\t\t<div class=\"elementor-container elementor-column-gap-default\">\n\t\t\t\t\t<div class=\"elementor-column elementor-col-100 elementor-top-column elementor-element elementor-element-6c1975a\" data-id=\"6c1975a\" data-element_type=\"column\" data-e-type=\"column\">\n\t\t\t<div class=\"elementor-widget-wrap elementor-element-populated\">\n\t\t\t\t\t\t<div class=\"elementor-element elementor-element-c8ee830 elementor-widget elementor-widget-heading\" data-id=\"c8ee830\" data-element_type=\"widget\" data-e-type=\"widget\" data-widget_type=\"heading.default\">\n\t\t\t\t<div class=\"elementor-widget-container\">\n\t\t\t\t\t<h2 class=\"elementor-heading-title elementor-size-default\">R\u00e9servation d'une salle de conf\u00e9rence<\/h2>\t\t\t\t<\/div>\n\t\t\t\t<\/div>\n\t\t\t\t<div class=\"elementor-element elementor-element-7badcfa elementor-widget elementor-widget-html\" data-id=\"7badcfa\" data-element_type=\"widget\" data-e-type=\"widget\" data-widget_type=\"html.default\">\n\t\t\t\t<div class=\"elementor-widget-container\">\n\t\t\t\t\t<iframe src=\"https:\/\/swissdigital.skedda.com\/booking?embedded=true\" style=\"width:100%;height:1020px;\"><\/iframe>\t\t\t\t<\/div>\n\t\t\t\t<\/div>\n\t\t\t\t\t<\/div>\n\t\t<\/div>\n\t\t\t\t\t<\/div>\n\t\t<\/section>\n\t\t\t\t<section class=\"elementor-section elementor-top-section elementor-element elementor-element-fb4f213 elementor-section-boxed elementor-section-height-default elementor-section-height-default\" data-id=\"fb4f213\" data-element_type=\"section\" data-e-type=\"section\">\n\t\t\t\t\t\t<div class=\"elementor-container elementor-column-gap-default\">\n\t\t\t\t\t<div class=\"elementor-column elementor-col-20 elementor-top-column elementor-element elementor-element-742ad05\" data-id=\"742ad05\" data-element_type=\"column\" data-e-type=\"column\">\n\t\t\t<div class=\"elementor-widget-wrap elementor-element-populated\">\n\t\t\t\t\t\t<div class=\"elementor-element elementor-element-e2c3b5c elementor-widget elementor-widget-button\" data-id=\"e2c3b5c\" data-element_type=\"widget\" data-e-type=\"widget\" data-widget_type=\"button.default\">\n\t\t\t\t<div class=\"elementor-widget-container\">\n\t\t\t\t\t\t\t\t\t<div class=\"elementor-button-wrapper\">\n\t\t\t\t\t<a class=\"elementor-button elementor-button-link elementor-size-sm\" href=\"https:\/\/www.chezzen.ch\/fr\/restaurants\/nav\/menu-semaine-technopole\">\n\t\t\t\t\t\t<span class=\"elementor-button-content-wrapper\">\n\t\t\t\t\t\t\t\t\t<span class=\"elementor-button-text\">Menu Mikado<\/span>\n\t\t\t\t\t<\/span>\n\t\t\t\t\t<\/a>\n\t\t\t\t<\/div>\n\t\t\t\t\t\t\t\t<\/div>\n\t\t\t\t<\/div>\n\t\t\t\t\t<\/div>\n\t\t<\/div>\n\t\t\t\t<div class=\"elementor-column elementor-col-20 elementor-top-column elementor-element elementor-element-379fce6\" data-id=\"379fce6\" data-element_type=\"column\" data-e-type=\"column\">\n\t\t\t<div class=\"elementor-widget-wrap elementor-element-populated\">\n\t\t\t\t\t\t<div class=\"elementor-element elementor-element-8bd91d4 elementor-widget elementor-widget-button\" data-id=\"8bd91d4\" data-element_type=\"widget\" data-e-type=\"widget\" data-widget_type=\"button.default\">\n\t\t\t\t<div class=\"elementor-widget-container\">\n\t\t\t\t\t\t\t\t\t<div class=\"elementor-button-wrapper\">\n\t\t\t\t\t<a class=\"elementor-button elementor-button-link elementor-size-sm\" href=\"https:\/\/lerestaurantdufoyer.ch\/restaurant\/#mets\">\n\t\t\t\t\t\t<span class=\"elementor-button-content-wrapper\">\n\t\t\t\t\t\t\t\t\t<span class=\"elementor-button-text\">Menu Foyer<\/span>\n\t\t\t\t\t<\/span>\n\t\t\t\t\t<\/a>\n\t\t\t\t<\/div>\n\t\t\t\t\t\t\t\t<\/div>\n\t\t\t\t<\/div>\n\t\t\t\t\t<\/div>\n\t\t<\/div>\n\t\t\t\t<div class=\"elementor-column elementor-col-20 elementor-top-column elementor-element elementor-element-60f8d8b\" data-id=\"60f8d8b\" data-element_type=\"column\" data-e-type=\"column\">\n\t\t\t<div class=\"elementor-widget-wrap elementor-element-populated\">\n\t\t\t\t\t\t<div class=\"elementor-element elementor-element-cd38523 elementor-widget elementor-widget-button\" data-id=\"cd38523\" data-element_type=\"widget\" data-e-type=\"widget\" data-widget_type=\"button.default\">\n\t\t\t\t<div class=\"elementor-widget-container\">\n\t\t\t\t\t\t\t\t\t<div class=\"elementor-button-wrapper\">\n\t\t\t\t\t<a class=\"elementor-button elementor-button-link elementor-size-sm\" href=\"https:\/\/swissdigitalcenter.flexstud.io\/services-pour-entreprises\/concept-mobilite\/\">\n\t\t\t\t\t\t<span class=\"elementor-button-content-wrapper\">\n\t\t\t\t\t\t\t\t\t<span class=\"elementor-button-text\">Mobilit\u00e9<\/span>\n\t\t\t\t\t<\/span>\n\t\t\t\t\t<\/a>\n\t\t\t\t<\/div>\n\t\t\t\t\t\t\t\t<\/div>\n\t\t\t\t<\/div>\n\t\t\t\t\t<\/div>\n\t\t<\/div>\n\t\t\t\t<div class=\"elementor-column elementor-col-20 elementor-top-column elementor-element elementor-element-95706ec\" data-id=\"95706ec\" data-element_type=\"column\" data-e-type=\"column\">\n\t\t\t<div class=\"elementor-widget-wrap elementor-element-populated\">\n\t\t\t\t\t\t<div class=\"elementor-element elementor-element-4f3f388 elementor-widget elementor-widget-button\" data-id=\"4f3f388\" data-element_type=\"widget\" data-e-type=\"widget\" data-widget_type=\"button.default\">\n\t\t\t\t<div class=\"elementor-widget-container\">\n\t\t\t\t\t\t\t\t\t<div class=\"elementor-button-wrapper\">\n\t\t\t\t\t<a class=\"elementor-button elementor-button-link elementor-size-sm\" href=\"https:\/\/swissdigitalcenter.flexstud.io\/services-pour-entreprises\/concept-mobilite\/\">\n\t\t\t\t\t\t<span class=\"elementor-button-content-wrapper\">\n\t\t\t\t\t\t\t\t\t<span class=\"elementor-button-text\">Parking<\/span>\n\t\t\t\t\t<\/span>\n\t\t\t\t\t<\/a>\n\t\t\t\t<\/div>\n\t\t\t\t\t\t\t\t<\/div>\n\t\t\t\t<\/div>\n\t\t\t\t\t<\/div>\n\t\t<\/div>\n\t\t\t\t<div class=\"elementor-column elementor-col-20 elementor-top-column elementor-element elementor-element-1d469cb\" data-id=\"1d469cb\" data-element_type=\"column\" data-e-type=\"column\">\n\t\t\t<div class=\"elementor-widget-wrap elementor-element-populated\">\n\t\t\t\t\t\t<div class=\"elementor-element elementor-element-574c342 elementor-widget elementor-widget-button\" data-id=\"574c342\" data-element_type=\"widget\" data-e-type=\"widget\" data-widget_type=\"button.default\">\n\t\t\t\t<div class=\"elementor-widget-container\">\n\t\t\t\t\t\t\t\t\t<div class=\"elementor-button-wrapper\">\n\t\t\t\t\t<a class=\"elementor-button elementor-button-link elementor-size-sm\" href=\"https:\/\/swissdigitalcenter.flexstud.io\/services-pour-entreprises\/fitness\/\">\n\t\t\t\t\t\t<span class=\"elementor-button-content-wrapper\">\n\t\t\t\t\t\t\t\t\t<span class=\"elementor-button-text\">Fitness<\/span>\n\t\t\t\t\t<\/span>\n\t\t\t\t\t<\/a>\n\t\t\t\t<\/div>\n\t\t\t\t\t\t\t\t<\/div>\n\t\t\t\t<\/div>\n\t\t\t\t\t<\/div>\n\t\t<\/div>\n\t\t\t\t\t<\/div>\n\t\t<\/section>\n\t\t\t\t<\/div>\n\t\t","protected":false},"excerpt":{"rendered":"<p>R\u00e9servation d&rsquo;une salle de conf\u00e9rence Menu Mikado Menu Foyer Mobilit\u00e9 Parking Fitness<\/p>\n","protected":false},"author":13,"featured_media":8001,"parent":0,"menu_order":0,"comment_status":"closed","ping_status":"closed","template":"","meta":{"_acf_changed":false,"footnotes":""},"class_list":["post-7982","page","type-page","status-publish","has-post-thumbnail","hentry"],"acf":[],"yoast_head":"<!-- This site is optimized with the Yoast SEO plugin v27.3 - https:\/\/yoast.com\/product\/yoast-seo-wordpress\/ -->\n<title>Services pour r\u00e9sidents &#8211; Swiss Digital Center<\/title>\n<meta name=\"robots\" content=\"noindex, follow, max-snippet:-1, max-image-preview:large, max-video-preview:-1\" \/>\n<meta property=\"og:locale\" content=\"fr_FR\" \/>\n<meta property=\"og:type\" content=\"article\" \/>\n<meta property=\"og:title\" content=\"Services pour r\u00e9sidents &#8211; Swiss Digital Center\" \/>\n<meta property=\"og:description\" content=\"R\u00e9servation d&rsquo;une salle de conf\u00e9rence Menu Mikado Menu Foyer Mobilit\u00e9 Parking Fitness\" \/>\n<meta property=\"og:url\" content=\"https:\/\/swissdigitalcenter.flexstud.io\/fr\/elementor-7982\/\" \/>\n<meta property=\"og:site_name\" content=\"Swiss Digital Center\" \/>\n<meta property=\"article:publisher\" content=\"https:\/\/www.facebook.com\/TechnoPoleDeSierre\" \/>\n<meta property=\"article:modified_time\" content=\"2024-02-22T16:50:52+00:00\" \/>\n<meta property=\"og:image\" content=\"https:\/\/swissdigitalcenter.flexstud.io\/wp-content\/uploads\/2022\/06\/20220600-SDC-152-scaled.jpg\" \/>\n\t<meta property=\"og:image:width\" content=\"2560\" \/>\n\t<meta property=\"og:image:height\" content=\"1707\" \/>\n\t<meta property=\"og:image:type\" content=\"image\/jpeg\" \/>\n<meta name=\"twitter:card\" content=\"summary_large_image\" \/>\n<meta name=\"twitter:site\" content=\"@tpolesierre\" \/>\n<meta name=\"twitter:label1\" content=\"Dur\u00e9e de lecture estim\u00e9e\" \/>\n\t<meta name=\"twitter:data1\" content=\"1 minute\" \/>\n<script type=\"application\/ld+json\" class=\"yoast-schema-graph\">{\"@context\":\"https:\\\/\\\/schema.org\",\"@graph\":[{\"@type\":\"WebPage\",\"@id\":\"https:\\\/\\\/swissdigitalcenter.flexstud.io\\\/fr\\\/elementor-7982\\\/\",\"url\":\"https:\\\/\\\/swissdigitalcenter.flexstud.io\\\/fr\\\/elementor-7982\\\/\",\"name\":\"Services pour r\u00e9sidents &#8211; Swiss Digital Center\",\"isPartOf\":{\"@id\":\"https:\\\/\\\/swissdigitalcenter.flexstud.io\\\/fr\\\/#website\"},\"primaryImageOfPage\":{\"@id\":\"https:\\\/\\\/swissdigitalcenter.flexstud.io\\\/fr\\\/elementor-7982\\\/#primaryimage\"},\"image\":{\"@id\":\"https:\\\/\\\/swissdigitalcenter.flexstud.io\\\/fr\\\/elementor-7982\\\/#primaryimage\"},\"thumbnailUrl\":\"https:\\\/\\\/swissdigitalcenter.flexstud.io\\\/wp-content\\\/uploads\\\/2022\\\/06\\\/20220600-SDC-152-scaled.jpg\",\"datePublished\":\"2022-06-15T09:03:56+00:00\",\"dateModified\":\"2024-02-22T16:50:52+00:00\",\"breadcrumb\":{\"@id\":\"https:\\\/\\\/swissdigitalcenter.flexstud.io\\\/fr\\\/elementor-7982\\\/#breadcrumb\"},\"inLanguage\":\"fr-FR\",\"potentialAction\":[{\"@type\":\"ReadAction\",\"target\":[\"https:\\\/\\\/swissdigitalcenter.flexstud.io\\\/fr\\\/elementor-7982\\\/\"]}]},{\"@type\":\"ImageObject\",\"inLanguage\":\"fr-FR\",\"@id\":\"https:\\\/\\\/swissdigitalcenter.flexstud.io\\\/fr\\\/elementor-7982\\\/#primaryimage\",\"url\":\"https:\\\/\\\/swissdigitalcenter.flexstud.io\\\/wp-content\\\/uploads\\\/2022\\\/06\\\/20220600-SDC-152-scaled.jpg\",\"contentUrl\":\"https:\\\/\\\/swissdigitalcenter.flexstud.io\\\/wp-content\\\/uploads\\\/2022\\\/06\\\/20220600-SDC-152-scaled.jpg\",\"width\":2560,\"height\":1707},{\"@type\":\"BreadcrumbList\",\"@id\":\"https:\\\/\\\/swissdigitalcenter.flexstud.io\\\/fr\\\/elementor-7982\\\/#breadcrumb\",\"itemListElement\":[{\"@type\":\"ListItem\",\"position\":1,\"name\":\"Home\",\"item\":\"https:\\\/\\\/swissdigitalcenter.flexstud.io\\\/fr\\\/\"},{\"@type\":\"ListItem\",\"position\":2,\"name\":\"Services pour r\u00e9sidents\"}]},{\"@type\":\"WebSite\",\"@id\":\"https:\\\/\\\/swissdigitalcenter.flexstud.io\\\/fr\\\/#website\",\"url\":\"https:\\\/\\\/swissdigitalcenter.flexstud.io\\\/fr\\\/\",\"name\":\"Swiss Digital Center\",\"description\":\"La digitalisation au c\u0153ur des Alpes\",\"publisher\":{\"@id\":\"https:\\\/\\\/swissdigitalcenter.flexstud.io\\\/fr\\\/#organization\"},\"potentialAction\":[{\"@type\":\"SearchAction\",\"target\":{\"@type\":\"EntryPoint\",\"urlTemplate\":\"https:\\\/\\\/swissdigitalcenter.flexstud.io\\\/fr\\\/?s={search_term_string}\"},\"query-input\":{\"@type\":\"PropertyValueSpecification\",\"valueRequired\":true,\"valueName\":\"search_term_string\"}}],\"inLanguage\":\"fr-FR\"},{\"@type\":\"Organization\",\"@id\":\"https:\\\/\\\/swissdigitalcenter.flexstud.io\\\/fr\\\/#organization\",\"name\":\"Swiss Digital Center\",\"url\":\"https:\\\/\\\/swissdigitalcenter.flexstud.io\\\/fr\\\/\",\"logo\":{\"@type\":\"ImageObject\",\"inLanguage\":\"fr-FR\",\"@id\":\"https:\\\/\\\/swissdigitalcenter.flexstud.io\\\/fr\\\/#\\\/schema\\\/logo\\\/image\\\/\",\"url\":\"https:\\\/\\\/swissdigitalcenter.flexstud.io\\\/wp-content\\\/uploads\\\/2020\\\/07\\\/favicon-1.png\",\"contentUrl\":\"https:\\\/\\\/swissdigitalcenter.flexstud.io\\\/wp-content\\\/uploads\\\/2020\\\/07\\\/favicon-1.png\",\"width\":512,\"height\":512,\"caption\":\"Swiss Digital Center\"},\"image\":{\"@id\":\"https:\\\/\\\/swissdigitalcenter.flexstud.io\\\/fr\\\/#\\\/schema\\\/logo\\\/image\\\/\"},\"sameAs\":[\"https:\\\/\\\/www.facebook.com\\\/TechnoPoleDeSierre\",\"https:\\\/\\\/x.com\\\/tpolesierre\"]}]}<\/script>\n<!-- \/ Yoast SEO plugin. -->","yoast_head_json":{"title":"Services pour r\u00e9sidents &#8211; Swiss Digital Center","robots":{"index":"noindex","follow":"follow","max-snippet":"max-snippet:-1","max-image-preview":"max-image-preview:large","max-video-preview":"max-video-preview:-1"},"og_locale":"fr_FR","og_type":"article","og_title":"Services pour r\u00e9sidents &#8211; Swiss Digital Center","og_description":"R\u00e9servation d&rsquo;une salle de conf\u00e9rence Menu Mikado Menu Foyer Mobilit\u00e9 Parking Fitness","og_url":"https:\/\/swissdigitalcenter.flexstud.io\/fr\/elementor-7982\/","og_site_name":"Swiss Digital Center","article_publisher":"https:\/\/www.facebook.com\/TechnoPoleDeSierre","article_modified_time":"2024-02-22T16:50:52+00:00","og_image":[{"width":2560,"height":1707,"url":"https:\/\/swissdigitalcenter.flexstud.io\/wp-content\/uploads\/2022\/06\/20220600-SDC-152-scaled.jpg","type":"image\/jpeg"}],"twitter_card":"summary_large_image","twitter_site":"@tpolesierre","twitter_misc":{"Dur\u00e9e de lecture estim\u00e9e":"1 minute"},"schema":{"@context":"https:\/\/schema.org","@graph":[{"@type":"WebPage","@id":"https:\/\/swissdigitalcenter.flexstud.io\/fr\/elementor-7982\/","url":"https:\/\/swissdigitalcenter.flexstud.io\/fr\/elementor-7982\/","name":"Services pour r\u00e9sidents &#8211; Swiss Digital Center","isPartOf":{"@id":"https:\/\/swissdigitalcenter.flexstud.io\/fr\/#website"},"primaryImageOfPage":{"@id":"https:\/\/swissdigitalcenter.flexstud.io\/fr\/elementor-7982\/#primaryimage"},"image":{"@id":"https:\/\/swissdigitalcenter.flexstud.io\/fr\/elementor-7982\/#primaryimage"},"thumbnailUrl":"https:\/\/swissdigitalcenter.flexstud.io\/wp-content\/uploads\/2022\/06\/20220600-SDC-152-scaled.jpg","datePublished":"2022-06-15T09:03:56+00:00","dateModified":"2024-02-22T16:50:52+00:00","breadcrumb":{"@id":"https:\/\/swissdigitalcenter.flexstud.io\/fr\/elementor-7982\/#breadcrumb"},"inLanguage":"fr-FR","potentialAction":[{"@type":"ReadAction","target":["https:\/\/swissdigitalcenter.flexstud.io\/fr\/elementor-7982\/"]}]},{"@type":"ImageObject","inLanguage":"fr-FR","@id":"https:\/\/swissdigitalcenter.flexstud.io\/fr\/elementor-7982\/#primaryimage","url":"https:\/\/swissdigitalcenter.flexstud.io\/wp-content\/uploads\/2022\/06\/20220600-SDC-152-scaled.jpg","contentUrl":"https:\/\/swissdigitalcenter.flexstud.io\/wp-content\/uploads\/2022\/06\/20220600-SDC-152-scaled.jpg","width":2560,"height":1707},{"@type":"BreadcrumbList","@id":"https:\/\/swissdigitalcenter.flexstud.io\/fr\/elementor-7982\/#breadcrumb","itemListElement":[{"@type":"ListItem","position":1,"name":"Home","item":"https:\/\/swissdigitalcenter.flexstud.io\/fr\/"},{"@type":"ListItem","position":2,"name":"Services pour r\u00e9sidents"}]},{"@type":"WebSite","@id":"https:\/\/swissdigitalcenter.flexstud.io\/fr\/#website","url":"https:\/\/swissdigitalcenter.flexstud.io\/fr\/","name":"Swiss Digital Center","description":"La digitalisation au c\u0153ur des Alpes","publisher":{"@id":"https:\/\/swissdigitalcenter.flexstud.io\/fr\/#organization"},"potentialAction":[{"@type":"SearchAction","target":{"@type":"EntryPoint","urlTemplate":"https:\/\/swissdigitalcenter.flexstud.io\/fr\/?s={search_term_string}"},"query-input":{"@type":"PropertyValueSpecification","valueRequired":true,"valueName":"search_term_string"}}],"inLanguage":"fr-FR"},{"@type":"Organization","@id":"https:\/\/swissdigitalcenter.flexstud.io\/fr\/#organization","name":"Swiss Digital Center","url":"https:\/\/swissdigitalcenter.flexstud.io\/fr\/","logo":{"@type":"ImageObject","inLanguage":"fr-FR","@id":"https:\/\/swissdigitalcenter.flexstud.io\/fr\/#\/schema\/logo\/image\/","url":"https:\/\/swissdigitalcenter.flexstud.io\/wp-content\/uploads\/2020\/07\/favicon-1.png","contentUrl":"https:\/\/swissdigitalcenter.flexstud.io\/wp-content\/uploads\/2020\/07\/favicon-1.png","width":512,"height":512,"caption":"Swiss Digital Center"},"image":{"@id":"https:\/\/swissdigitalcenter.flexstud.io\/fr\/#\/schema\/logo\/image\/"},"sameAs":["https:\/\/www.facebook.com\/TechnoPoleDeSierre","https:\/\/x.com\/tpolesierre"]}]}},"_links":{"self":[{"href":"https:\/\/swissdigitalcenter.flexstud.io\/fr\/wp-json\/wp\/v2\/pages\/7982","targetHints":{"allow":["GET"]}}],"collection":[{"href":"https:\/\/swissdigitalcenter.flexstud.io\/fr\/wp-json\/wp\/v2\/pages"}],"about":[{"href":"https:\/\/swissdigitalcenter.flexstud.io\/fr\/wp-json\/wp\/v2\/types\/page"}],"author":[{"embeddable":true,"href":"https:\/\/swissdigitalcenter.flexstud.io\/fr\/wp-json\/wp\/v2\/users\/13"}],"replies":[{"embeddable":true,"href":"https:\/\/swissdigitalcenter.flexstud.io\/fr\/wp-json\/wp\/v2\/comments?post=7982"}],"version-history":[{"count":91,"href":"https:\/\/swissdigitalcenter.flexstud.io\/fr\/wp-json\/wp\/v2\/pages\/7982\/revisions"}],"predecessor-version":[{"id":10907,"href":"https:\/\/swissdigitalcenter.flexstud.io\/fr\/wp-json\/wp\/v2\/pages\/7982\/revisions\/10907"}],"wp:featuredmedia":[{"embeddable":true,"href":"https:\/\/swissdigitalcenter.flexstud.io\/fr\/wp-json\/wp\/v2\/media\/8001"}],"wp:attachment":[{"href":"https:\/\/swissdigitalcenter.flexstud.io\/fr\/wp-json\/wp\/v2\/media?parent=7982"}],"curies":[{"name":"wp","href":"https:\/\/api.w.org\/{rel}","templated":true}]}}